{"id":460,"date":"2021-09-27T12:53:33","date_gmt":"2021-09-27T15:53:33","guid":{"rendered":"https:\/\/eventos.ifbaiano.edu.br\/portal\/25-anos-campus-santa-ines\/?page_id=460"},"modified":"2021-09-27T12:54:28","modified_gmt":"2021-09-27T15:54:28","slug":"capsula-do-tempo","status":"publish","type":"page","link":"https:\/\/eventos.ifbaiano.edu.br\/portal\/25-anos-campus-santa-ines\/capsula-do-tempo\/","title":{"rendered":"C\u00e1psula do Tempo"},"content":{"rendered":"\n<div class=\"wp-block-image\"><figure class=\"aligncenter size-full\"><img loading=\"lazy\" decoding=\"async\" width=\"677\" height=\"416\" src=\"https:\/\/eventos.ifbaiano.edu.br\/portal\/25-anos-campus-santa-ines\/files\/2021\/09\/capsula-do-tempo-25-anos-campus-santa-ines.jpg\" alt=\"\" class=\"wp-image-461\" srcset=\"https:\/\/eventos.ifbaiano.edu.br\/portal\/25-anos-campus-santa-ines\/files\/2021\/09\/capsula-do-tempo-25-anos-campus-santa-ines.jpg 677w, https:\/\/eventos.ifbaiano.edu.br\/portal\/25-anos-campus-santa-ines\/files\/2021\/09\/capsula-do-tempo-25-anos-campus-santa-ines-300x184.jpg 300w\" sizes=\"(max-width: 677px) 100vw, 677px\" \/><\/figure><\/div>\n\n\n\n<p class=\"has-text-align-center\">Em 17 de junho de 2021, dia do anivers\u00e1rio do IF Baiano &#8211; campus Santa In\u00eas, a comunidade acad\u00eamica e externa foi convidada a compartilhar mensagens e sonhos, do presente para o futuro.<\/p>\n\n\n\n<p class=\"has-text-align-center\">A C\u00e1psula do Tempo do campus Santa In\u00eas recebeu mais de 100 mensagens de estudantes, professores, t\u00e9cnicos, terceirizados e da comunidade do territ\u00f3rio do Vale do Jiquiri\u00e7\u00e1. Ela transportar\u00e1 essas mensagens pelos pr\u00f3ximos 25 anos e ser\u00e1 reaberta em 2046, quando completaremos 50 anos.<\/p>\n\n\n\n<p class=\"has-text-align-center\">Tr\u00eas meses depois, um ato simb\u00f3lico marcou a guarda da c\u00e1psula no jardim central do pr\u00e9dio administrativo do campus. No ato, tamb\u00e9m houve o plantio de uma \u00e1rvore, expressando o desejo de crescimento dos sonhos e projetos do campus.<\/p>\n\n\n\n<p class=\"has-text-align-center\">Representantes de diferentes segmentos da comunidade participaram dessas a\u00e7\u00f5es, simbolizando a contribui\u00e7\u00e3o de todas e todos na constru\u00e7\u00e3o da hist\u00f3ria do campus e da educa\u00e7\u00e3o ofertada para o territ\u00f3rio.<\/p>\n\n\n\n<p class=\"has-text-align-center\">Vida longa \u00e0 nossa \u00e1rvore, \u00e0 nossa c\u00e1psula do tempo e ao nosso campus!<\/p>\n\n\n\n<p class=\"has-text-align-center\">Leia a not\u00edcia e veja os depoimentos dos participantes, <a href=\"https:\/\/ifbaiano.edu.br\/portal\/blog\/campus-santa-ines-deposita-capsula-do-tempo-com-mensagens-da-comunidade-e-realiza-plantio-de-arvore\/\" target=\"_blank\" rel=\"noreferrer noopener\">clicando aqui<\/a>.<\/p>\n\n\n\n<p class=\"has-text-align-center\">Confira o ato simb\u00f3lico na \u00edntegra:<\/p>\n\n\n\n<figure class=\"wp-block-embed aligncenter is-type-video is-provider-youtube wp-block-embed-youtube wp-embed-aspect-16-9 wp-has-aspect-ratio\"><div class=\"wp-block-embed__wrapper\">\n<div class=\"nv-iframe-embed\"><iframe loading=\"lazy\" title=\"25 anos do IF Baiano Campus Santa In\u00eas - C\u00e1psula do Tempo e Plantio de \u00c1rvore\" width=\"1200\" height=\"675\" src=\"https:\/\/www.youtube.com\/embed\/RMvxyDQJ97A?feature=oembed\" frameborder=\"0\" allow=\"accelerometer; autoplay; clipboard-write; encrypted-media; gyroscope; picture-in-picture\" allowfullscreen><\/iframe><\/div>\n<\/div><\/figure>\n","protected":false},"excerpt":{"rendered":"<p>Em 17 de junho de 2021, dia do anivers\u00e1rio do IF Baiano &#8211; campus Santa In\u00eas, a comunidade acad\u00eamica e externa foi convidada a compartilhar mensagens e sonhos, do presente para o futuro. A C\u00e1psula do Tempo do campus Santa In\u00eas recebeu mais de 100 mensagens de estudantes, professores, t\u00e9cnicos, terceirizados e da comunidade do&hellip;&nbsp;<a href=\"https:\/\/eventos.ifbaiano.edu.br\/portal\/25-anos-campus-santa-ines\/capsula-do-tempo\/\" rel=\"bookmark\">Continue a ler &raquo;<span class=\"screen-reader-text\">C\u00e1psula do Tempo<\/span><\/a><\/p>\n","protected":false},"author":20,"featured_media":0,"parent":0,"menu_order":0,"comment_status":"closed","ping_status":"closed","template":"","meta":{"neve_meta_sidebar":"full-width","neve_meta_container":"","neve_meta_enable_content_width":"on","neve_meta_content_width":100,"neve_meta_title_alignment":"","neve_meta_author_avatar":"","neve_post_elements_order":"","neve_meta_disable_header":"","neve_meta_disable_footer":"","neve_meta_disable_title":"","footnotes":""},"_links":{"self":[{"href":"https:\/\/eventos.ifbaiano.edu.br\/portal\/25-anos-campus-santa-ines\/wp-json\/wp\/v2\/pages\/460"}],"collection":[{"href":"https:\/\/eventos.ifbaiano.edu.br\/portal\/25-anos-campus-santa-ines\/wp-json\/wp\/v2\/pages"}],"about":[{"href":"https:\/\/eventos.ifbaiano.edu.br\/portal\/25-anos-campus-santa-ines\/wp-json\/wp\/v2\/types\/page"}],"author":[{"embeddable":true,"href":"https:\/\/eventos.ifbaiano.edu.br\/portal\/25-anos-campus-santa-ines\/wp-json\/wp\/v2\/users\/20"}],"replies":[{"embeddable":true,"href":"https:\/\/eventos.ifbaiano.edu.br\/portal\/25-anos-campus-santa-ines\/wp-json\/wp\/v2\/comments?post=460"}],"version-history":[{"count":2,"href":"https:\/\/eventos.ifbaiano.edu.br\/portal\/25-anos-campus-santa-ines\/wp-json\/wp\/v2\/pages\/460\/revisions"}],"predecessor-version":[{"id":464,"href":"https:\/\/eventos.ifbaiano.edu.br\/portal\/25-anos-campus-santa-ines\/wp-json\/wp\/v2\/pages\/460\/revisions\/464"}],"wp:attachment":[{"href":"https:\/\/eventos.ifbaiano.edu.br\/portal\/25-anos-campus-santa-ines\/wp-json\/wp\/v2\/media?parent=460"}],"curies":[{"name":"wp","href":"https:\/\/api.w.org\/{rel}","templated":true}]}}