{"id":375,"date":"2021-06-10T11:40:43","date_gmt":"2021-06-10T14:40:43","guid":{"rendered":"https:\/\/eventos.ifbaiano.edu.br\/portal\/25-anos-campus-santa-ines\/?page_id=375"},"modified":"2021-09-27T13:47:36","modified_gmt":"2021-09-27T16:47:36","slug":"solenidade","status":"publish","type":"page","link":"https:\/\/eventos.ifbaiano.edu.br\/portal\/25-anos-campus-santa-ines\/solenidade\/","title":{"rendered":"Solenidade"},"content":{"rendered":"\n<div style=\"height:50px\" aria-hidden=\"true\" class=\"wp-block-spacer\"><\/div>\n\n\n\n<p class=\"has-text-align-center\">No dia <strong>17 de junho<\/strong> de 2021, anivers\u00e1rio do in\u00edcio das atividades da Escola Agrot\u00e9cnica Federal de Santa In\u00eas, aconteceu a <em>Solenidade de Lan\u00e7amento das Comemora\u00e7\u00f5es dos 25 anos do Instituto Federal de Educa\u00e7\u00e3o, Ci\u00eancia e Tecnologia Baiano &#8211; Campus Santa In\u00eas<\/em>.<\/p>\n\n\n\n<p class=\"has-text-align-center\">Confira como foi o evento:<\/p>\n\n\n\n<iframe style=\"width:100%;height:450px\" src=\"https:\/\/www.youtube.com\/embed\/pqHs5ZjyvQY\" title=\"YouTube video player\" frameborder=\"0\" allow=\"accelerometer; autoplay; clipboard-write; encrypted-media; gyroscope; picture-in-picture\" allowfullscreen=\"\"><\/iframe>\n","protected":false},"excerpt":{"rendered":"<p>No dia 17 de junho de 2021, anivers\u00e1rio do in\u00edcio das atividades da Escola Agrot\u00e9cnica Federal de Santa In\u00eas, aconteceu a Solenidade de Lan\u00e7amento das Comemora\u00e7\u00f5es dos 25 anos do Instituto Federal de Educa\u00e7\u00e3o, Ci\u00eancia e Tecnologia Baiano &#8211; Campus Santa In\u00eas. Confira como foi o evento:<\/p>\n","protected":false},"author":20,"featured_media":0,"parent":0,"menu_order":0,"comment_status":"closed","ping_status":"closed","template":"","meta":{"neve_meta_sidebar":"full-width","neve_meta_container":"","neve_meta_enable_content_width":"on","neve_meta_content_width":100,"neve_meta_title_alignment":"","neve_meta_author_avatar":"","neve_post_elements_order":"","neve_meta_disable_header":"","neve_meta_disable_footer":"","neve_meta_disable_title":"on","footnotes":""},"_links":{"self":[{"href":"https:\/\/eventos.ifbaiano.edu.br\/portal\/25-anos-campus-santa-ines\/wp-json\/wp\/v2\/pages\/375"}],"collection":[{"href":"https:\/\/eventos.ifbaiano.edu.br\/portal\/25-anos-campus-santa-ines\/wp-json\/wp\/v2\/pages"}],"about":[{"href":"https:\/\/eventos.ifbaiano.edu.br\/portal\/25-anos-campus-santa-ines\/wp-json\/wp\/v2\/types\/page"}],"author":[{"embeddable":true,"href":"https:\/\/eventos.ifbaiano.edu.br\/portal\/25-anos-campus-santa-ines\/wp-json\/wp\/v2\/users\/20"}],"replies":[{"embeddable":true,"href":"https:\/\/eventos.ifbaiano.edu.br\/portal\/25-anos-campus-santa-ines\/wp-json\/wp\/v2\/comments?post=375"}],"version-history":[{"count":14,"href":"https:\/\/eventos.ifbaiano.edu.br\/portal\/25-anos-campus-santa-ines\/wp-json\/wp\/v2\/pages\/375\/revisions"}],"predecessor-version":[{"id":470,"href":"https:\/\/eventos.ifbaiano.edu.br\/portal\/25-anos-campus-santa-ines\/wp-json\/wp\/v2\/pages\/375\/revisions\/470"}],"wp:attachment":[{"href":"https:\/\/eventos.ifbaiano.edu.br\/portal\/25-anos-campus-santa-ines\/wp-json\/wp\/v2\/media?parent=375"}],"curies":[{"name":"wp","href":"https:\/\/api.w.org\/{rel}","templated":true}]}}