{"id":41,"date":"2020-08-12T12:20:26","date_gmt":"2020-08-12T15:20:26","guid":{"rendered":"https:\/\/eventos.ifbaiano.edu.br\/portal\/2-simposio-tecnologia-agroindustria-guanambi\/?page_id=41"},"modified":"2020-10-01T10:18:33","modified_gmt":"2020-10-01T13:18:33","slug":"programacao","status":"publish","type":"page","link":"https:\/\/eventos.ifbaiano.edu.br\/portal\/2-simposio-tecnologia-agroindustria-guanambi\/programacao\/","title":{"rendered":"Programa\u00e7\u00e3o"},"content":{"rendered":"\n<div class=\"wp-block-image\"><figure class=\"aligncenter\"><img loading=\"lazy\" decoding=\"async\" width=\"1024\" height=\"213\" src=\"https:\/\/eventos.ifbaiano.edu.br\/portal\/2-simposio-tecnologia-agroindustria-guanambi\/files\/2020\/08\/banner-2-simta-guanambi-1024x213.jpg\" alt=\"\" class=\"wp-image-24\" srcset=\"https:\/\/eventos.ifbaiano.edu.br\/portal\/2-simposio-tecnologia-agroindustria-guanambi\/files\/2020\/08\/banner-2-simta-guanambi-1024x213.jpg 1024w, https:\/\/eventos.ifbaiano.edu.br\/portal\/2-simposio-tecnologia-agroindustria-guanambi\/files\/2020\/08\/banner-2-simta-guanambi-300x63.jpg 300w, https:\/\/eventos.ifbaiano.edu.br\/portal\/2-simposio-tecnologia-agroindustria-guanambi\/files\/2020\/08\/banner-2-simta-guanambi-768x160.jpg 768w, https:\/\/eventos.ifbaiano.edu.br\/portal\/2-simposio-tecnologia-agroindustria-guanambi\/files\/2020\/08\/banner-2-simta-guanambi.jpg 1440w\" sizes=\"(max-width: 1024px) 100vw, 1024px\" \/><\/figure><\/div>\n\n\n\n<h1 class=\"wp-block-heading\" style=\"text-align:center\"><strong>Programa\u00e7\u00e3o<\/strong><\/h1>\n\n\n\n<h3 class=\"wp-block-heading\"><strong>Ter\u00e7a-feira &#8211; 06\/10\/2020<\/strong><\/h3>\n\n\n\n<h5 class=\"wp-block-heading\"><strong>Palestra de abertura (transmiss\u00e3o ao vivo)<\/strong><\/h5>\n\n\n\n<p><strong>19h<\/strong> &#8211; <strong>Agroind\u00fastria: Tend\u00eancias de Mercado e Inova\u00e7\u00f5es Tecnol\u00f3gicas:<\/strong> Maycon Fagundes Teixeira Reis &#8211; Engenheiro de Alimentos (Universidade Estadual do Sudoeste da Bahia &#8211; Uesb) &#8211; Doutor em Engenharia Agr\u00edcola (Universidade Federal de Vi\u00e7osa &#8211; UFV) &#8211; Professor Adjunto da Funda\u00e7\u00e3o Universidade Federal de Sergipe, Campus Sert\u00e3o.<\/p>\n\n\n\n<h3 class=\"wp-block-heading\"><strong>Quarta- feira &#8211; 07\/10\/2020<\/strong><\/h3>\n\n\n\n<h5 class=\"wp-block-heading\"><strong>Palestras<\/strong><\/h5>\n\n\n\n<p><strong>08h30 &#8211; T\u00e9cnicas Avan\u00e7adas em An\u00e1lise de Alimentos versus Qualidade e Seguran\u00e7a de Alimentos:<\/strong> Leandro Soares Santos &#8211; Engenheiro de Alimentos (Universidade Estadual do Sudoeste da Bahia &#8211; Uesb) &#8211; Doutor em Ci\u00eancia e Tecnologia de Alimentos (Universidade Federal de Vi\u00e7osa) &#8211; Professor Adjunto da Universidade Estadual do Sudoeste da Bahia &#8211; Uesb.<\/p>\n\n\n\n<p><strong>09h30 &#8211; O Uso da Intelig\u00eancia Artificial na Ind\u00fastria de Alimentos (Ind\u00fastria 4.0) (ao vivo):<\/strong> Ivan de Oliveira Pereira &#8211;  Engenheiro de Alimentos (Universidade Estadual do Sudoeste da Bahia &#8211; Uesb) &#8211; Doutor em Engenharia Agr\u00edcola pela Universidade Federal de Vi\u00e7osa &#8211; MG (2013). Atualmente \u00e9 professor do IF Baiano &#8211; Campus Uru\u00e7uca.<\/p>\n\n\n\n<p><strong>10h30 &#8211; Uso de Tecnologia Avan\u00e7adas na Conserva\u00e7\u00e3o de Alimentos:<\/strong> Guilherme Lorencini Schuina &#8211; Engenheiro de Alimentos (Universidade Federal do Esp\u00edrito Santo -Ufes) &#8211; Doutor em Engenharia e Ci\u00eancia de Alimentos (Universidade Estadual Paulista J\u00falio de Mesquita Filho ) &#8211; Atua na \u00e1rea de Ci\u00eancia e Tecnologia de alimentos, com enfase em tecnologia de Bebidas e Bioprocessos.<\/p>\n\n\n\n<p><strong>14h00 &#8211; &nbsp;Do Mato a Mesa: Experi\u00eancias Pr\u00e1ticas com PANC\u2019s em Novos Produtos: <\/strong>\u00cdcaro Cazumb\u00e1 &#8211; Nutricionista (Universidade Federal da Bahia &#8211; Ufba) &#8211; Doutorando em Alimentos, Nutri\u00e7\u00e3o e Sa\u00fade (UFBA) &#8211; Professor do Ensino Superior e P\u00f3s-gradua\u00e7\u00e3o para os cursos de Nutri\u00e7\u00e3o e Gastronomia.<\/p>\n\n\n\n<p><strong>15h00 &#8211; Utiliza\u00e7\u00e3o do Leite Cru versus Leite Pasteurizado para a Produ\u00e7\u00e3o de Queijos: <\/strong>Gilson Pinto Matioli &#8211; Engenheiro Qu\u00edmico com Habilita\u00e7\u00e3o Engenharia de Alimentos (Faculdade de Engenharia de Varginha)  &#8211; Doutor em Ci\u00eancia dos Alimentos (Universidade Federal de Lavras &#8211; Ufla)  &#8211; Professor do IF Baiano Campus Guanambi.<\/p>\n\n\n\n<p><strong>16h00 &#8211; Programas de Auto Controle nas Ind\u00fastrias de Alimentos:<\/strong> \u00c9lia Karina de Carvalho Costa &#8211; Tecn\u00f3loga em Agroind\u00fastria (IF Baiano &#8211; Campus Guanambi) &#8211; Mestre em Ci\u00eancia de Alimentos (Universidade Federal da Bahia &#8211; Ufba) &#8211; Professora do IF Baiano &#8211; Campus Guanambi. <\/p>\n\n\n\n<p><\/p>\n\n\n\n<h3 class=\"wp-block-heading\"><strong>Quinta-Feira 08\/10\/2020<\/strong><\/h3>\n\n\n\n<h5 class=\"wp-block-heading\"><strong>Palestras<\/strong><\/h5>\n\n\n\n<p><strong>08h30 &#8211; Caracter\u00edsticas N\u00e3o Sensoriais e o Comportamento do Consumidor: <\/strong>Johnson Clay &#8211; Engenheiro de Alimentos (Universidade Federal do Tocantins &#8211; UFT) &#8211; Doutor em Ci\u00eancia e Tecnologia de Alimentos (Universidade Federal de Vi\u00e7osa &#8211; UFV\/Universidade Nova de Lisboa e P\u00f3s-Doutorado na Faculdade de Ci\u00eancias Farmac\u00eauticas da Universidade Federal da Bahia &#8211; Ufba).<\/p>\n\n\n\n<p> <strong>09h30 &#8211; Fontes N\u00e3o Convencionais de Amidos para a Produ\u00e7\u00e3o de Filmes Biodegrad\u00e1veis (ao vivo):<\/strong> Normane Mirele Chaves da Silva &#8211; Engenheira de Alimentos  (Universidade do Estado da Bahia &#8211; Uesb) &#8211; Doutora em Engenharia Industrial (Universidade Federal da Bahia &#8211; Ufba) &#8211; Professora do IF Baiano &#8211; Campus Guanambi. <\/p>\n\n\n\n<p><strong>10h30 &#8211; &nbsp;A\u00e7\u00f5es e Tend\u00eancias nas Ind\u00fastrias de Latic\u00ednios: <\/strong>Jo\u00e3o Paulo Natalino de S\u00e1 &#8211; Graduado em Ci\u00eancia e Tecnologia de Latic\u00ednios (Universidade Federal de Vi\u00e7osa &#8211; UFV) &#8211; Doutor em Ci\u00eancia e Tecnologia de Alimentos (Universidade Federal de Vi\u00e7osa &#8211; UFV) &#8211; Professor adjunto na Universidade Federal de Sergipe (UFS).<\/p>\n\n\n\n<h5 class=\"wp-block-heading\"><strong>Mini-Cursos e Oficinas &#8211; A partir das 14h<\/strong><\/h5>\n\n\n\n<ul><li> <strong>Diversidade das Abelhas sem Ferr\u00e3o e Meliponicultura: Uso Racional e Econ\u00f4mico (ao vivo)<\/strong> &#8211; Elder Assis Miranda &#8211; Licenciado em Ci\u00eancias Biol\u00f3gicas (Universidade Estadual do Sudoeste da Bahia &#8211; Uesb) &#8211; Doutor em Gen\u00e9tica Evolutiva e Biologia Molecular (Universidade Federal de S\u00e3o Carlos &#8211; UFSCar) &#8211; Professor de Gen\u00e9tica e Evolu\u00e7\u00e3o, Biologia Molecular e Gen\u00e9tica M\u00e9dica no Centro Universit\u00e1rio de Guanambi (UniFG).<\/li><li> <strong>O Mercado de Insetos Aliment\u00edcios<\/strong> &#8211; Cas\u00e9 Oliveira &#8211; Presidente da Associa\u00e7\u00e3o Brasileira dos Criadores de Insetos&nbsp;(ASBRACI) &#8211; Gastr\u00f3logo e Bi\u00f3logo &#8211; P\u00f3s-graduado em Gastronomia e Cozinha Autoral (PUC\/RS) &#8211; Presidente da Asbraci (Associa\u00e7\u00e3o Brasileira dos Criadores de Insetos).<\/li><li><strong>As Ind\u00fastrias de Ingredientes e Aditivos Alimentares Inovam?<\/strong> &#8211; Merida Layara Xavier Costa &#8211; Graduanda em Tecnologia em Agroind\u00fastria &#8211; IF Baiano\/Campus Guanambi.<\/li><\/ul>\n\n\n\n<h5 class=\"wp-block-heading\"><strong>Encerramento<\/strong><\/h5>\n\n\n\n<p><strong>19h00 &#8211; Mesa Redonda Virtual (ao vivo): Sou Tecn\u00f3logo(a) em Agroind\u00fastria! E agora? <\/strong><\/p>\n\n\n\n<p>Mediador: Prof. Dr. Lucas Britto Landim &#8211; Engenheiro em Alimentos &#8211;  (Universidade Estadual do Sudoeste da Bahia &#8211; Uesb)  &#8211; Doutor em Engenharia Industrial (Universidade Federal da Bahia &#8211; Ufba) &#8211; Professor do IF Baiano &#8211; Campus Guanambi.<br><strong>Tecn\u00f3logos(as) em Agroind\u00fastria Convidados: <br><\/strong>Alcenielia Santana.<br>Estef\u00e2nia Rodrigues.<br>Paulo T\u00falio.<br>Rog\u00e9rio de Jesus.<\/p>\n","protected":false},"excerpt":{"rendered":"<p>Programa\u00e7\u00e3o Ter\u00e7a-feira &#8211; 06\/10\/2020 Palestra de abertura (transmiss\u00e3o ao vivo) 19h &#8211; Agroind\u00fastria: Tend\u00eancias de Mercado e Inova\u00e7\u00f5es Tecnol\u00f3gicas: Maycon Fagundes Teixeira Reis &#8211; Engenheiro de Alimentos (Universidade Estadual do Sudoeste da Bahia &#8211; Uesb) &#8211; Doutor em Engenharia Agr\u00edcola (Universidade Federal de Vi\u00e7osa &#8211; UFV) &#8211; Professor Adjunto da Funda\u00e7\u00e3o Universidade Federal de Sergipe,&hellip;&nbsp;<a href=\"https:\/\/eventos.ifbaiano.edu.br\/portal\/2-simposio-tecnologia-agroindustria-guanambi\/programacao\/\" rel=\"bookmark\">Continue a ler &raquo;<span class=\"screen-reader-text\">Programa\u00e7\u00e3o<\/span><\/a><\/p>\n","protected":false},"author":48,"featured_media":0,"parent":0,"menu_order":0,"comment_status":"closed","ping_status":"closed","template":"","meta":{"neve_meta_sidebar":"","neve_meta_container":"","neve_meta_enable_content_width":"off","neve_meta_content_width":0,"neve_meta_title_alignment":"","neve_meta_author_avatar":"","neve_post_elements_order":"","neve_meta_disable_header":"","neve_meta_disable_footer":"","neve_meta_disable_title":"on","footnotes":""},"_links":{"self":[{"href":"https:\/\/eventos.ifbaiano.edu.br\/portal\/2-simposio-tecnologia-agroindustria-guanambi\/wp-json\/wp\/v2\/pages\/41"}],"collection":[{"href":"https:\/\/eventos.ifbaiano.edu.br\/portal\/2-simposio-tecnologia-agroindustria-guanambi\/wp-json\/wp\/v2\/pages"}],"about":[{"href":"https:\/\/eventos.ifbaiano.edu.br\/portal\/2-simposio-tecnologia-agroindustria-guanambi\/wp-json\/wp\/v2\/types\/page"}],"author":[{"embeddable":true,"href":"https:\/\/eventos.ifbaiano.edu.br\/portal\/2-simposio-tecnologia-agroindustria-guanambi\/wp-json\/wp\/v2\/users\/48"}],"replies":[{"embeddable":true,"href":"https:\/\/eventos.ifbaiano.edu.br\/portal\/2-simposio-tecnologia-agroindustria-guanambi\/wp-json\/wp\/v2\/comments?post=41"}],"version-history":[{"count":13,"href":"https:\/\/eventos.ifbaiano.edu.br\/portal\/2-simposio-tecnologia-agroindustria-guanambi\/wp-json\/wp\/v2\/pages\/41\/revisions"}],"predecessor-version":[{"id":96,"href":"https:\/\/eventos.ifbaiano.edu.br\/portal\/2-simposio-tecnologia-agroindustria-guanambi\/wp-json\/wp\/v2\/pages\/41\/revisions\/96"}],"wp:attachment":[{"href":"https:\/\/eventos.ifbaiano.edu.br\/portal\/2-simposio-tecnologia-agroindustria-guanambi\/wp-json\/wp\/v2\/media?parent=41"}],"curies":[{"name":"wp","href":"https:\/\/api.w.org\/{rel}","templated":true}]}}