{"id":39,"date":"2020-08-12T12:20:26","date_gmt":"2020-08-12T15:20:26","guid":{"rendered":"https:\/\/eventos.ifbaiano.edu.br\/portal\/2-simposio-tecnologia-agroindustria-guanambi\/?page_id=39"},"modified":"2020-09-01T03:53:39","modified_gmt":"2020-09-01T06:53:39","slug":"inscricoes","status":"publish","type":"page","link":"https:\/\/eventos.ifbaiano.edu.br\/portal\/2-simposio-tecnologia-agroindustria-guanambi\/inscricoes\/","title":{"rendered":"Inscri\u00e7\u00f5es"},"content":{"rendered":"\n<figure class=\"wp-block-image\"><img loading=\"lazy\" decoding=\"async\" width=\"1024\" height=\"213\" src=\"https:\/\/eventos.ifbaiano.edu.br\/portal\/2-simposio-tecnologia-agroindustria-guanambi\/files\/2020\/08\/banner-2-simta-guanambi-1024x213.jpg\" alt=\"\" class=\"wp-image-24\" srcset=\"https:\/\/eventos.ifbaiano.edu.br\/portal\/2-simposio-tecnologia-agroindustria-guanambi\/files\/2020\/08\/banner-2-simta-guanambi-1024x213.jpg 1024w, https:\/\/eventos.ifbaiano.edu.br\/portal\/2-simposio-tecnologia-agroindustria-guanambi\/files\/2020\/08\/banner-2-simta-guanambi-300x63.jpg 300w, https:\/\/eventos.ifbaiano.edu.br\/portal\/2-simposio-tecnologia-agroindustria-guanambi\/files\/2020\/08\/banner-2-simta-guanambi-768x160.jpg 768w, https:\/\/eventos.ifbaiano.edu.br\/portal\/2-simposio-tecnologia-agroindustria-guanambi\/files\/2020\/08\/banner-2-simta-guanambi.jpg 1440w\" sizes=\"(max-width: 1024px) 100vw, 1024px\" \/><\/figure>\n\n\n\n<h1 class=\"wp-block-heading\" style=\"text-align:center\"><strong>Inscri\u00e7\u00f5es<\/strong><\/h1>\n\n\n\n<p>As inscri\u00e7\u00f5es para o evento estar\u00e3o abertas at\u00e9 30 de setembro de 2020.<\/p>\n\n\n\n<p><a href=\"http:\/\/opinanovo.ifbaiano.edu.br\/index.php\/473658?lang=pt-BR\">Clique aqui para se inscrever<\/a><\/p>\n\n\n\n<p><strong>P\u00daBLICO ALVO<\/strong><\/p>\n\n\n\n<p>Estudantes, t\u00e9cnicos, pesquisadores e empreendedores do setor de agroind\u00fastria.<\/p>\n","protected":false},"excerpt":{"rendered":"<p>Inscri\u00e7\u00f5es As inscri\u00e7\u00f5es para o evento estar\u00e3o abertas at\u00e9 30 de setembro de 2020. Clique aqui para se inscrever P\u00daBLICO ALVO Estudantes, t\u00e9cnicos, pesquisadores e empreendedores do setor de agroind\u00fastria.<\/p>\n","protected":false},"author":48,"featured_media":0,"parent":0,"menu_order":0,"comment_status":"closed","ping_status":"closed","template":"","meta":{"neve_meta_sidebar":"","neve_meta_container":"","neve_meta_enable_content_width":"off","neve_meta_content_width":0,"neve_meta_title_alignment":"","neve_meta_author_avatar":"","neve_post_elements_order":"","neve_meta_disable_header":"","neve_meta_disable_footer":"","neve_meta_disable_title":"on","footnotes":""},"_links":{"self":[{"href":"https:\/\/eventos.ifbaiano.edu.br\/portal\/2-simposio-tecnologia-agroindustria-guanambi\/wp-json\/wp\/v2\/pages\/39"}],"collection":[{"href":"https:\/\/eventos.ifbaiano.edu.br\/portal\/2-simposio-tecnologia-agroindustria-guanambi\/wp-json\/wp\/v2\/pages"}],"about":[{"href":"https:\/\/eventos.ifbaiano.edu.br\/portal\/2-simposio-tecnologia-agroindustria-guanambi\/wp-json\/wp\/v2\/types\/page"}],"author":[{"embeddable":true,"href":"https:\/\/eventos.ifbaiano.edu.br\/portal\/2-simposio-tecnologia-agroindustria-guanambi\/wp-json\/wp\/v2\/users\/48"}],"replies":[{"embeddable":true,"href":"https:\/\/eventos.ifbaiano.edu.br\/portal\/2-simposio-tecnologia-agroindustria-guanambi\/wp-json\/wp\/v2\/comments?post=39"}],"version-history":[{"count":7,"href":"https:\/\/eventos.ifbaiano.edu.br\/portal\/2-simposio-tecnologia-agroindustria-guanambi\/wp-json\/wp\/v2\/pages\/39\/revisions"}],"predecessor-version":[{"id":87,"href":"https:\/\/eventos.ifbaiano.edu.br\/portal\/2-simposio-tecnologia-agroindustria-guanambi\/wp-json\/wp\/v2\/pages\/39\/revisions\/87"}],"wp:attachment":[{"href":"https:\/\/eventos.ifbaiano.edu.br\/portal\/2-simposio-tecnologia-agroindustria-guanambi\/wp-json\/wp\/v2\/media?parent=39"}],"curies":[{"name":"wp","href":"https:\/\/api.w.org\/{rel}","templated":true}]}}