{"id":52106,"date":"2020-07-21T14:56:17","date_gmt":"2020-07-21T17:56:17","guid":{"rendered":"https:\/\/eventos.ifbaiano.edu.br\/portal\/2-seminario-agroecologia-guanambi\/?page_id=52106"},"modified":"2025-04-11T10:53:50","modified_gmt":"2025-04-11T13:53:50","slug":"iv-seapo","status":"publish","type":"page","link":"https:\/\/eventos.ifbaiano.edu.br\/portal\/2-seminario-agroecologia-guanambi\/","title":{"rendered":"VIII Seapo"},"content":{"rendered":"\n<hr class=\"wp-block-separator has-css-opacity\" \/>\n\n\n\n<h1 class=\"wp-block-heading has-text-align-center\"><br><strong><a href=\"https:\/\/www.even3.com.br\/ix-seapo-549838\/\">Fa\u00e7a sua Inscri\u00e7\u00e3o<\/a><\/strong><\/h1>\n\n\n\n<figure class=\"wp-block-image size-large\"><img loading=\"lazy\" decoding=\"async\" width=\"819\" height=\"1024\" src=\"https:\/\/eventos.ifbaiano.edu.br\/portal\/2-seminario-agroecologia-guanambi\/files\/2025\/04\/seapo-2025-819x1024.jpeg\" alt=\"\" class=\"wp-image-52703\" srcset=\"https:\/\/eventos.ifbaiano.edu.br\/portal\/2-seminario-agroecologia-guanambi\/files\/2025\/04\/seapo-2025-819x1024.jpeg 819w, https:\/\/eventos.ifbaiano.edu.br\/portal\/2-seminario-agroecologia-guanambi\/files\/2025\/04\/seapo-2025-240x300.jpeg 240w, https:\/\/eventos.ifbaiano.edu.br\/portal\/2-seminario-agroecologia-guanambi\/files\/2025\/04\/seapo-2025-768x960.jpeg 768w, https:\/\/eventos.ifbaiano.edu.br\/portal\/2-seminario-agroecologia-guanambi\/files\/2025\/04\/seapo-2025.jpeg 1080w\" sizes=\"(max-width: 819px) 100vw, 819px\" \/><\/figure>\n","protected":false},"excerpt":{"rendered":"<p>Fa\u00e7a sua Inscri\u00e7\u00e3o<\/p>\n","protected":false},"author":48,"featured_media":52348,"parent":0,"menu_order":0,"comment_status":"closed","ping_status":"closed","template":"","meta":{"neve_meta_sidebar":"right","neve_meta_container":"","neve_meta_enable_content_width":"on","neve_meta_content_width":70,"neve_meta_title_alignment":"","neve_meta_author_avatar":"","neve_post_elements_order":"","neve_meta_disable_header":"","neve_meta_disable_footer":"","neve_meta_disable_title":"on","footnotes":""},"_links":{"self":[{"href":"https:\/\/eventos.ifbaiano.edu.br\/portal\/2-seminario-agroecologia-guanambi\/wp-json\/wp\/v2\/pages\/52106"}],"collection":[{"href":"https:\/\/eventos.ifbaiano.edu.br\/portal\/2-seminario-agroecologia-guanambi\/wp-json\/wp\/v2\/pages"}],"about":[{"href":"https:\/\/eventos.ifbaiano.edu.br\/portal\/2-seminario-agroecologia-guanambi\/wp-json\/wp\/v2\/types\/page"}],"author":[{"embeddable":true,"href":"https:\/\/eventos.ifbaiano.edu.br\/portal\/2-seminario-agroecologia-guanambi\/wp-json\/wp\/v2\/users\/48"}],"replies":[{"embeddable":true,"href":"https:\/\/eventos.ifbaiano.edu.br\/portal\/2-seminario-agroecologia-guanambi\/wp-json\/wp\/v2\/comments?post=52106"}],"version-history":[{"count":75,"href":"https:\/\/eventos.ifbaiano.edu.br\/portal\/2-seminario-agroecologia-guanambi\/wp-json\/wp\/v2\/pages\/52106\/revisions"}],"predecessor-version":[{"id":52704,"href":"https:\/\/eventos.ifbaiano.edu.br\/portal\/2-seminario-agroecologia-guanambi\/wp-json\/wp\/v2\/pages\/52106\/revisions\/52704"}],"wp:featuredmedia":[{"embeddable":true,"href":"https:\/\/eventos.ifbaiano.edu.br\/portal\/2-seminario-agroecologia-guanambi\/wp-json\/wp\/v2\/media\/52348"}],"wp:attachment":[{"href":"https:\/\/eventos.ifbaiano.edu.br\/portal\/2-seminario-agroecologia-guanambi\/wp-json\/wp\/v2\/media?parent=52106"}],"curies":[{"name":"wp","href":"https:\/\/api.w.org\/{rel}","templated":true}]}}