{"id":15,"date":"2018-03-09T00:31:23","date_gmt":"2018-03-09T03:31:23","guid":{"rendered":"http:\/\/eventos.ifbaiano.edu.br\/portal\/2-seminario-agroecologia-guanambi\/?page_id=15"},"modified":"2024-03-05T15:29:12","modified_gmt":"2024-03-05T18:29:12","slug":"programacao","status":"publish","type":"page","link":"https:\/\/eventos.ifbaiano.edu.br\/portal\/2-seminario-agroecologia-guanambi\/programacao\/","title":{"rendered":"Programa\u00e7\u00e3o"},"content":{"rendered":"\n<p><strong>Dia 05\/07 (sexta-feira):<\/strong> <\/p>\n\n\n\n<pre id=\"tw-target-text\" class=\"wp-block-preformatted\"><\/pre>\n\n\n\n<p>Palestras, oficinas e apresenta\u00e7\u00e3o de trabalhos\u00a0cient\u00edficos<\/p>\n\n\n\n<pre id=\"tw-target-text\" class=\"wp-block-preformatted\"><\/pre>\n\n\n\n<p><strong>Manh\u00e3: palestras<\/strong><\/p>\n\n\n\n<ul>\n<li>08h &#8211; Mesa de abertura (presencial)<\/li>\n<\/ul>\n\n\n\n<pre id=\"tw-target-text\" class=\"wp-block-preformatted\">    <\/pre>\n\n\n\n<ul>\n<li>08h30&nbsp;&#8211; Atividade cultural.&nbsp;<\/li>\n<\/ul>\n\n\n\n<pre id=\"tw-target-text\" class=\"wp-block-preformatted\">    <\/pre>\n\n\n\n<ul>\n<li>09h &#8211; Palestra de abertura: <\/li>\n<\/ul>\n\n\n\n<pre id=\"tw-target-text\" class=\"wp-block-preformatted\">     <\/pre>\n\n\n\n<pre id=\"tw-target-text\" class=\"wp-block-preformatted\">    <\/pre>\n\n\n\n<ul>\n<li>11h &#8211; Palestra: <\/li>\n<\/ul>\n\n\n\n<pre id=\"tw-target-text\" class=\"wp-block-preformatted\">   <\/pre>\n\n\n\n<ul>\n<li>11 h 45 min &#8211;<\/li>\n<\/ul>\n\n\n\n<pre id=\"tw-target-text\" class=\"wp-block-preformatted\">   <\/pre>\n\n\n\n<p><strong>Tarde: apresenta\u00e7\u00e3o de trabalhos cient\u00edficos (presencial)<\/strong><\/p>\n\n\n\n<pre id=\"tw-target-text\" class=\"wp-block-preformatted\"><\/pre>\n\n\n\n<ul>\n<li><strong>13h &#8211; In\u00edcio das apresenta\u00e7\u00f5es de trabalhos<\/strong> (presencial na quadra de esportes)<\/li>\n<\/ul>\n\n\n\n<pre id=\"tw-target-text\" class=\"wp-block-preformatted\"><\/pre>\n\n\n\n<ul>\n<li><strong>17h &#8211; final das apresenta\u00e7\u00f5es<\/strong><\/li>\n<\/ul>\n\n\n\n<p><strong>Oficinas: 13h \u00e0s 17h&nbsp;<\/strong><\/p>\n\n\n\n<p><\/p>\n\n\n\n<p><\/p>\n\n\n\n<p><strong>Dia 6\/07 (S\u00e1bado): Pra\u00e7a Gercino Coelho &#8211; (Pra\u00e7a do Bradesco)<\/strong> <strong>&#8211; 8h \u00e0s 12 h<\/strong><\/p>\n\n\n\n<ul>\n<li>Feira de agricultores agroecol\u00f3gicos e em fase de certifica\u00e7\u00e3o, de empreendimentos do Centro de Economia Solid\u00e1ria, e de artes\u00e3os.&nbsp;<\/li>\n<\/ul>\n\n\n\n<p><\/p>\n","protected":false},"excerpt":{"rendered":"<p>Dia 05\/07 (sexta-feira): Palestras, oficinas e apresenta\u00e7\u00e3o de trabalhos\u00a0cient\u00edficos Manh\u00e3: palestras Tarde: apresenta\u00e7\u00e3o de trabalhos cient\u00edficos (presencial) Oficinas: 13h \u00e0s 17h&nbsp; Dia 6\/07 (S\u00e1bado): Pra\u00e7a Gercino Coelho &#8211; (Pra\u00e7a do Bradesco) &#8211; 8h \u00e0s 12 h<\/p>\n","protected":false},"author":48,"featured_media":0,"parent":0,"menu_order":0,"comment_status":"closed","ping_status":"closed","template":"","meta":{"neve_meta_sidebar":"","neve_meta_container":"","neve_meta_enable_content_width":"","neve_meta_content_width":0,"neve_meta_title_alignment":"","neve_meta_author_avatar":"","neve_post_elements_order":"","neve_meta_disable_header":"","neve_meta_disable_footer":"","neve_meta_disable_title":"","footnotes":""},"_links":{"self":[{"href":"https:\/\/eventos.ifbaiano.edu.br\/portal\/2-seminario-agroecologia-guanambi\/wp-json\/wp\/v2\/pages\/15"}],"collection":[{"href":"https:\/\/eventos.ifbaiano.edu.br\/portal\/2-seminario-agroecologia-guanambi\/wp-json\/wp\/v2\/pages"}],"about":[{"href":"https:\/\/eventos.ifbaiano.edu.br\/portal\/2-seminario-agroecologia-guanambi\/wp-json\/wp\/v2\/types\/page"}],"author":[{"embeddable":true,"href":"https:\/\/eventos.ifbaiano.edu.br\/portal\/2-seminario-agroecologia-guanambi\/wp-json\/wp\/v2\/users\/48"}],"replies":[{"embeddable":true,"href":"https:\/\/eventos.ifbaiano.edu.br\/portal\/2-seminario-agroecologia-guanambi\/wp-json\/wp\/v2\/comments?post=15"}],"version-history":[{"count":318,"href":"https:\/\/eventos.ifbaiano.edu.br\/portal\/2-seminario-agroecologia-guanambi\/wp-json\/wp\/v2\/pages\/15\/revisions"}],"predecessor-version":[{"id":52688,"href":"https:\/\/eventos.ifbaiano.edu.br\/portal\/2-seminario-agroecologia-guanambi\/wp-json\/wp\/v2\/pages\/15\/revisions\/52688"}],"wp:attachment":[{"href":"https:\/\/eventos.ifbaiano.edu.br\/portal\/2-seminario-agroecologia-guanambi\/wp-json\/wp\/v2\/media?parent=15"}],"curies":[{"name":"wp","href":"https:\/\/api.w.org\/{rel}","templated":true}]}}