{"id":13,"date":"2018-03-09T00:10:05","date_gmt":"2018-03-09T03:10:05","guid":{"rendered":"http:\/\/eventos.ifbaiano.edu.br\/portal\/2-seminario-agroecologia-guanambi\/?page_id=13"},"modified":"2024-03-13T16:11:18","modified_gmt":"2024-03-13T19:11:18","slug":"o-evento","status":"publish","type":"page","link":"https:\/\/eventos.ifbaiano.edu.br\/portal\/2-seminario-agroecologia-guanambi\/o-evento\/","title":{"rendered":"O Evento"},"content":{"rendered":"\n<p>O VIII SEAPO \u00e9 um evento coordenado pela professora e pesquisadora Dr<sup>\u00aa<\/sup>. Felizarda Beb\u00e9 e equipe com objetivo de resgatar e valorizar os saberes tradicionais, estimular a produ\u00e7\u00e3o org\u00e2nica e contribuir para a forma\u00e7\u00e3o de discentes, agricultores, professores, profissionais em geral e consumidores. Iniciado pela equipe do NEAPO em 2017 com projeto aprovado em 2016 (CNPq), o evento continua sua trajet\u00f3ria e oferece capacita\u00e7\u00e3o, est\u00edmulo e contribui\u00e7\u00e3o na forma\u00e7\u00e3o em \u00e2mbito end\u00f3geno e ex\u00f3geno \u00e0 institui\u00e7\u00e3o.<\/p>\n\n\n\n<p>O evento ser\u00e1 realizado nos dias 05 e 06 de julho de 2024 e exclusivamente presencial. No primeiro dia, haver\u00e1 palestras no audit\u00f3rio do Campus Guanambi, apresenta\u00e7\u00f5es de trabalhos na quadra e no segundo dia, uma feira Agroecol\u00f3gica na cidade de Guanambi na Pra\u00e7a Gercino Coelho (Pra\u00e7a do Bradesco).<\/p>\n\n\n\n<p>Sintam-se acolhidos e convidados: verifiquem as orienta\u00e7\u00f5es e as exig\u00eancias para a inscri\u00e7\u00e3o e participa\u00e7\u00e3o do evento !!!.<\/p>\n\n\n\n<p>Sejam todos bem-vindos ao VIII SEAPO! Aguardamos todos voc\u00eas!<\/p>\n\n\n\n<p>Um abra\u00e7o apertado!!!<\/p>\n\n\n\n<p><\/p>\n","protected":false},"excerpt":{"rendered":"<p>O VIII SEAPO \u00e9 um evento coordenado pela professora e pesquisadora Dr\u00aa. Felizarda Beb\u00e9 e equipe com objetivo de resgatar e valorizar os saberes tradicionais, estimular a produ\u00e7\u00e3o org\u00e2nica e contribuir para a forma\u00e7\u00e3o de discentes, agricultores, professores, profissionais em geral e consumidores. Iniciado pela equipe do NEAPO em 2017 com projeto aprovado em 2016&hellip;&nbsp;<a href=\"https:\/\/eventos.ifbaiano.edu.br\/portal\/2-seminario-agroecologia-guanambi\/o-evento\/\" rel=\"bookmark\">Continue a ler &raquo;<span class=\"screen-reader-text\">O Evento<\/span><\/a><\/p>\n","protected":false},"author":48,"featured_media":0,"parent":0,"menu_order":0,"comment_status":"closed","ping_status":"closed","template":"","meta":{"neve_meta_sidebar":"","neve_meta_container":"","neve_meta_enable_content_width":"","neve_meta_content_width":0,"neve_meta_title_alignment":"","neve_meta_author_avatar":"","neve_post_elements_order":"","neve_meta_disable_header":"","neve_meta_disable_footer":"","neve_meta_disable_title":"","footnotes":""},"_links":{"self":[{"href":"https:\/\/eventos.ifbaiano.edu.br\/portal\/2-seminario-agroecologia-guanambi\/wp-json\/wp\/v2\/pages\/13"}],"collection":[{"href":"https:\/\/eventos.ifbaiano.edu.br\/portal\/2-seminario-agroecologia-guanambi\/wp-json\/wp\/v2\/pages"}],"about":[{"href":"https:\/\/eventos.ifbaiano.edu.br\/portal\/2-seminario-agroecologia-guanambi\/wp-json\/wp\/v2\/types\/page"}],"author":[{"embeddable":true,"href":"https:\/\/eventos.ifbaiano.edu.br\/portal\/2-seminario-agroecologia-guanambi\/wp-json\/wp\/v2\/users\/48"}],"replies":[{"embeddable":true,"href":"https:\/\/eventos.ifbaiano.edu.br\/portal\/2-seminario-agroecologia-guanambi\/wp-json\/wp\/v2\/comments?post=13"}],"version-history":[{"count":30,"href":"https:\/\/eventos.ifbaiano.edu.br\/portal\/2-seminario-agroecologia-guanambi\/wp-json\/wp\/v2\/pages\/13\/revisions"}],"predecessor-version":[{"id":52697,"href":"https:\/\/eventos.ifbaiano.edu.br\/portal\/2-seminario-agroecologia-guanambi\/wp-json\/wp\/v2\/pages\/13\/revisions\/52697"}],"wp:attachment":[{"href":"https:\/\/eventos.ifbaiano.edu.br\/portal\/2-seminario-agroecologia-guanambi\/wp-json\/wp\/v2\/media?parent=13"}],"curies":[{"name":"wp","href":"https:\/\/api.w.org\/{rel}","templated":true}]}}