{"id":78,"date":"2020-09-18T15:38:46","date_gmt":"2020-09-18T18:38:46","guid":{"rendered":"https:\/\/eventos.ifbaiano.edu.br\/portal\/2-encontro-quimica-guanambi\/?page_id=78"},"modified":"2020-09-18T15:38:46","modified_gmt":"2020-09-18T18:38:46","slug":"comissao","status":"publish","type":"page","link":"https:\/\/eventos.ifbaiano.edu.br\/portal\/2-encontro-quimica-guanambi\/comissao\/","title":{"rendered":"Comiss\u00e3o"},"content":{"rendered":"\n<p><strong>Comiss\u00e3o Organizadora <\/strong><\/p>\n\n\n\n<p>Prof. Me.\nDaniel Meira de Oliveira<\/p>\n\n\n\n<p>Profa. Dra.\nDaniele de Brito Trindade<\/p>\n\n\n\n<p>Profa. Dra.\nHilma Concei\u00e7\u00e3o Fonseca Santos<\/p>\n\n\n\n<p>Profa. Ma.\nLudimila Thayane Paes Silva<\/p>\n\n\n\n<p>Profa. Dra.\nVaniele Souza Ribeiro<\/p>\n\n\n\n<p>Tiago\nMarques Viana (Assessoria de Comunica\u00e7\u00e3o\ne Apoio T\u00e9cnico)<\/p>\n\n\n\n<p>Joilma\nPereira dos Santos (Coordena\u00e7\u00e3o de Extens\u00e3o)<\/p>\n","protected":false},"excerpt":{"rendered":"<p>Comiss\u00e3o Organizadora Prof. Me. Daniel Meira de Oliveira Profa. Dra. Daniele de Brito Trindade Profa. Dra. Hilma Concei\u00e7\u00e3o Fonseca Santos Profa. Ma. Ludimila Thayane Paes Silva Profa. Dra. Vaniele Souza Ribeiro Tiago Marques Viana (Assessoria de Comunica\u00e7\u00e3o e Apoio T\u00e9cnico) Joilma Pereira dos Santos (Coordena\u00e7\u00e3o de Extens\u00e3o)<\/p>\n","protected":false},"author":48,"featured_media":0,"parent":0,"menu_order":0,"comment_status":"closed","ping_status":"closed","template":"","meta":{"neve_meta_sidebar":"full-width","neve_meta_container":"","neve_meta_enable_content_width":"on","neve_meta_content_width":100,"neve_meta_title_alignment":"","neve_meta_author_avatar":"","neve_post_elements_order":"","neve_meta_disable_header":"","neve_meta_disable_footer":"","neve_meta_disable_title":"","footnotes":""},"_links":{"self":[{"href":"https:\/\/eventos.ifbaiano.edu.br\/portal\/2-encontro-quimica-guanambi\/wp-json\/wp\/v2\/pages\/78"}],"collection":[{"href":"https:\/\/eventos.ifbaiano.edu.br\/portal\/2-encontro-quimica-guanambi\/wp-json\/wp\/v2\/pages"}],"about":[{"href":"https:\/\/eventos.ifbaiano.edu.br\/portal\/2-encontro-quimica-guanambi\/wp-json\/wp\/v2\/types\/page"}],"author":[{"embeddable":true,"href":"https:\/\/eventos.ifbaiano.edu.br\/portal\/2-encontro-quimica-guanambi\/wp-json\/wp\/v2\/users\/48"}],"replies":[{"embeddable":true,"href":"https:\/\/eventos.ifbaiano.edu.br\/portal\/2-encontro-quimica-guanambi\/wp-json\/wp\/v2\/comments?post=78"}],"version-history":[{"count":1,"href":"https:\/\/eventos.ifbaiano.edu.br\/portal\/2-encontro-quimica-guanambi\/wp-json\/wp\/v2\/pages\/78\/revisions"}],"predecessor-version":[{"id":79,"href":"https:\/\/eventos.ifbaiano.edu.br\/portal\/2-encontro-quimica-guanambi\/wp-json\/wp\/v2\/pages\/78\/revisions\/79"}],"wp:attachment":[{"href":"https:\/\/eventos.ifbaiano.edu.br\/portal\/2-encontro-quimica-guanambi\/wp-json\/wp\/v2\/media?parent=78"}],"curies":[{"name":"wp","href":"https:\/\/api.w.org\/{rel}","templated":true}]}}