{"id":75,"date":"2020-09-18T15:37:56","date_gmt":"2020-09-18T18:37:56","guid":{"rendered":"https:\/\/eventos.ifbaiano.edu.br\/portal\/2-encontro-quimica-guanambi\/?page_id=75"},"modified":"2020-11-21T11:32:54","modified_gmt":"2020-11-21T14:32:54","slug":"submissao-de-trabalhos","status":"publish","type":"page","link":"https:\/\/eventos.ifbaiano.edu.br\/portal\/2-encontro-quimica-guanambi\/submissao-de-trabalhos\/","title":{"rendered":"Submiss\u00e3o"},"content":{"rendered":"<p><span style=\"color: #ff0000\"><strong data-rich-text-format-boundary=\"true\">DATA PARA SUBMISS\u00c3O DOS TRABALHOS ENCERRADA<\/strong><\/span><\/p>\n\n\n<p><strong>ORIENTA\u00c7\u00c3O PARA SUBMISS\u00c3O DE TRABALHOS <\/strong><\/p>\n\n\n<ol>\n<li><strong><u>Sobre a submiss\u00e3o dos trabalhos<\/u><\/strong><\/li>\n<\/ol>\n<p><strong>1.1 <\/strong>O II EQGbi contar\u00e1 com um ambiente virtual para apresenta\u00e7\u00e3o de trabalhos ao vivo, na forma oral, utilizando a plataforma google meet.<\/p>\n<p><strong>1.2 <\/strong>O link da sala virtual do google meet ser\u00e1 disponibilizado no site do evento no dia 24 de novembro e ser\u00e1 enviado tamb\u00e9m por e-mail para os inscritos que tiverem seus trabalhos aprovados.<\/p>\n<p><strong>1.3 <\/strong>O trabalho a ser enviado na forma de resumo dever\u00e1 ser submetido em formato <strong><u>pdf<\/u><\/strong>. at\u00e9 \u00e0s 23h 59 min do dia <strong>31&nbsp;de outubro de 2020<\/strong>, de acordo com o modelo de resumo disponibilizado em anexo, para que seja analisado. O resumo dever\u00e1 ser encaminhado para o e-mail<strong> eqgbiresumos@gmail.com<\/strong>.<\/p>\n<p><strong>1.4 <\/strong>Ap\u00f3s a an\u00e1lise dos resumos pela Comiss\u00e3o do II EQGbi, os inscritos receber\u00e3o o parecer pelo e-mail cadastrado na submiss\u00e3o. O barema contendo os crit\u00e9rios de avalia\u00e7\u00e3o encontra-se em anexo.<\/p>\n<p><strong>1.5 <\/strong>Todos os autores devem ter conhecimento do conte\u00fado apresentado em seu texto e de que seu nome foi inserido no trabalho.<\/p>\n<p style=\"text-align: left\"><strong>1.6&nbsp; <\/strong>N\u00e3o existe limite de quantidade de trabalhos por autor, no entanto, uma pessoa <strong>n\u00e3o poder\u00e1<\/strong> apresentar mais que um trabalho.<\/p>\n<p><\/p>\n<ol start=\"2\">\n<li><strong> <u>Da comunica\u00e7\u00e3o oral<\/u><\/strong><\/li>\n<\/ol>\n<p><strong>2.1<\/strong> A apresenta\u00e7\u00e3o do trabalho ser\u00e1 online por meio do google meet das <strong>19h \u00e0s 21h <\/strong>no dia <strong>24 de novembro de 2020<\/strong>.&nbsp;<\/p>\n<p><\/p>\n<p><strong>2.2<\/strong>&nbsp;O apresentador dispor\u00e1 de at\u00e9 <strong>10 minutos<\/strong> para a exposi\u00e7\u00e3o do trabalho. Ap\u00f3s a apresenta\u00e7\u00e3o, ser\u00e3o disponibilizados at\u00e9 <strong>5 minutos<\/strong> para interven\u00e7\u00f5es e discuss\u00e3o entre os presentes.<\/p>\n<p><\/p>\n<p><strong>2.3<\/strong>&nbsp;Os apresentadores dever\u00e3o entrar na sala virtual com anteced\u00eancia de <strong>30 minutos<\/strong> antes do in\u00edcio da primeira apresenta\u00e7\u00e3o para confirma\u00e7\u00e3o da ordem da apresenta\u00e7\u00e3o e verifica\u00e7\u00f5es de pend\u00eancias na apresenta\u00e7\u00e3o.<\/p>\n<p><\/p>\n<p><strong>2.4<\/strong>&nbsp;Na organiza\u00e7\u00e3o dos slides para as apresenta\u00e7\u00f5es orais deve-se incluir a logo do IFBaiano e do EQGbi, as quais ser\u00e3o enviadas para o e-mail do apresentador.<\/p>\n<p><\/p>\n<p><strong>2.5<\/strong>&nbsp;A apresenta\u00e7\u00e3o em PowerPoint do trabalho aprovado dever\u00e1 ser enviada para a comiss\u00e3o at\u00e9 17h 59 min do dia <strong>18 de novembro de 2020 <\/strong>para o e-mail <strong>eqgbiresumos@gmail.com.<\/strong><\/p>\n<p><\/p>\n<p><strong>Para acompanhamento das informa\u00e7\u00f5es sobre o II EQGbi acesse&nbsp;o endere\u00e7o: eqgbi.ifbaiano.edu.br<\/strong><\/p>\n\n\n<div class=\"wp-block-file\"><a href=\"https:\/\/eventos.ifbaiano.edu.br\/portal\/2-encontro-quimica-guanambi\/files\/2020\/09\/Submiss\u00e3o-de-trabalhos-Modelo-de-Resumo.docx\"> Modelo de Resumo <\/a><a href=\"https:\/\/eventos.ifbaiano.edu.br\/portal\/2-encontro-quimica-guanambi\/files\/2020\/09\/Submiss\u00e3o-de-trabalhos-Modelo-de-Resumo.docx\" class=\"wp-block-file__button\" download>Baixar<\/a><\/div>\n\n\n\n<div class=\"wp-block-file\"><a href=\"https:\/\/eventos.ifbaiano.edu.br\/portal\/2-encontro-quimica-guanambi\/files\/2020\/09\/Barema-para-avalia\u00e7\u00e3o-dos-resumos_II-EQGBI.pdf\">Barema de avalia\u00e7\u00e3o dos resumos<\/a><a href=\"https:\/\/eventos.ifbaiano.edu.br\/portal\/2-encontro-quimica-guanambi\/files\/2020\/09\/Barema-para-avalia\u00e7\u00e3o-dos-resumos_II-EQGBI.pdf\" class=\"wp-block-file__button\" download>Baixar<\/a><\/div>\n","protected":false},"excerpt":{"rendered":"<p>DATA PARA SUBMISS\u00c3O DOS TRABALHOS ENCERRADA ORIENTA\u00c7\u00c3O PARA SUBMISS\u00c3O DE TRABALHOS Sobre a submiss\u00e3o dos trabalhos 1.1 O II EQGbi contar\u00e1 com um ambiente virtual para apresenta\u00e7\u00e3o de trabalhos ao vivo, na forma oral, utilizando a plataforma google meet. 1.2 O link da sala virtual do google meet ser\u00e1 disponibilizado no site do evento no&hellip;&nbsp;<a href=\"https:\/\/eventos.ifbaiano.edu.br\/portal\/2-encontro-quimica-guanambi\/submissao-de-trabalhos\/\" rel=\"bookmark\">Continue a ler &raquo;<span class=\"screen-reader-text\">Submiss\u00e3o<\/span><\/a><\/p>\n","protected":false},"author":48,"featured_media":0,"parent":0,"menu_order":0,"comment_status":"closed","ping_status":"closed","template":"","meta":{"neve_meta_sidebar":"full-width","neve_meta_container":"","neve_meta_enable_content_width":"on","neve_meta_content_width":100,"neve_meta_title_alignment":"","neve_meta_author_avatar":"","neve_post_elements_order":"","neve_meta_disable_header":"","neve_meta_disable_footer":"","neve_meta_disable_title":"","footnotes":""},"_links":{"self":[{"href":"https:\/\/eventos.ifbaiano.edu.br\/portal\/2-encontro-quimica-guanambi\/wp-json\/wp\/v2\/pages\/75"}],"collection":[{"href":"https:\/\/eventos.ifbaiano.edu.br\/portal\/2-encontro-quimica-guanambi\/wp-json\/wp\/v2\/pages"}],"about":[{"href":"https:\/\/eventos.ifbaiano.edu.br\/portal\/2-encontro-quimica-guanambi\/wp-json\/wp\/v2\/types\/page"}],"author":[{"embeddable":true,"href":"https:\/\/eventos.ifbaiano.edu.br\/portal\/2-encontro-quimica-guanambi\/wp-json\/wp\/v2\/users\/48"}],"replies":[{"embeddable":true,"href":"https:\/\/eventos.ifbaiano.edu.br\/portal\/2-encontro-quimica-guanambi\/wp-json\/wp\/v2\/comments?post=75"}],"version-history":[{"count":13,"href":"https:\/\/eventos.ifbaiano.edu.br\/portal\/2-encontro-quimica-guanambi\/wp-json\/wp\/v2\/pages\/75\/revisions"}],"predecessor-version":[{"id":173,"href":"https:\/\/eventos.ifbaiano.edu.br\/portal\/2-encontro-quimica-guanambi\/wp-json\/wp\/v2\/pages\/75\/revisions\/173"}],"wp:attachment":[{"href":"https:\/\/eventos.ifbaiano.edu.br\/portal\/2-encontro-quimica-guanambi\/wp-json\/wp\/v2\/media?parent=75"}],"curies":[{"name":"wp","href":"https:\/\/api.w.org\/{rel}","templated":true}]}}