{"id":57,"date":"2020-09-18T15:35:18","date_gmt":"2020-09-18T18:35:18","guid":{"rendered":"https:\/\/eventos.ifbaiano.edu.br\/portal\/2-encontro-quimica-guanambi\/?page_id=57"},"modified":"2020-09-30T15:49:46","modified_gmt":"2020-09-30T18:49:46","slug":"apoio","status":"publish","type":"page","link":"https:\/\/eventos.ifbaiano.edu.br\/portal\/2-encontro-quimica-guanambi\/apoio\/","title":{"rendered":"Apoio"},"content":{"rendered":"\n<p><strong><sub>Apoio e Colabora\u00e7\u00e3o<\/sub><\/strong><\/p>\n\n\n\n<p><strong>Colegiado do Curso de Licenciatura em Qu\u00edmica<\/strong> &#8211; <em>Campus<\/em> Guanambi&nbsp; <\/p>\n\n\n\n<p><strong>N\u00facleo de Comunica\u00e7\u00e3o Social<\/strong> &#8211; <em>Campus<\/em> Guanambi<\/p>\n\n\n\n<p><strong>Coordena\u00e7\u00e3o de Extens\u00e3o<\/strong> &#8211; <em>Campus<\/em> Guanambi<\/p>\n\n\n\n<p><strong>Diretoria de Comunica\u00e7\u00e3o Social<\/strong>&nbsp;&#8211; Reitoria&nbsp;<\/p>\n\n\n\n<figure class=\"wp-block-image is-resized\"><img loading=\"lazy\" decoding=\"async\" src=\"https:\/\/eventos.ifbaiano.edu.br\/portal\/2-encontro-quimica-guanambi\/files\/2020\/09\/agilent_logo-1.jpg\" alt=\"\" class=\"wp-image-127\" width=\"241\" height=\"156\" srcset=\"https:\/\/eventos.ifbaiano.edu.br\/portal\/2-encontro-quimica-guanambi\/files\/2020\/09\/agilent_logo-1.jpg 1000w, https:\/\/eventos.ifbaiano.edu.br\/portal\/2-encontro-quimica-guanambi\/files\/2020\/09\/agilent_logo-1-300x194.jpg 300w, https:\/\/eventos.ifbaiano.edu.br\/portal\/2-encontro-quimica-guanambi\/files\/2020\/09\/agilent_logo-1-768x496.jpg 768w\" sizes=\"(max-width: 241px) 100vw, 241px\" \/><\/figure>\n\n\n\n<figure class=\"wp-block-image is-resized\"><img loading=\"lazy\" decoding=\"async\" src=\"https:\/\/eventos.ifbaiano.edu.br\/portal\/2-encontro-quimica-guanambi\/files\/2020\/09\/apoio-eqgbi-1024x696.png\" alt=\"\" class=\"wp-image-73\" width=\"787\" height=\"534\" srcset=\"https:\/\/eventos.ifbaiano.edu.br\/portal\/2-encontro-quimica-guanambi\/files\/2020\/09\/apoio-eqgbi-1024x696.png 1024w, https:\/\/eventos.ifbaiano.edu.br\/portal\/2-encontro-quimica-guanambi\/files\/2020\/09\/apoio-eqgbi-300x204.png 300w, https:\/\/eventos.ifbaiano.edu.br\/portal\/2-encontro-quimica-guanambi\/files\/2020\/09\/apoio-eqgbi-768x522.png 768w, https:\/\/eventos.ifbaiano.edu.br\/portal\/2-encontro-quimica-guanambi\/files\/2020\/09\/apoio-eqgbi.png 1500w\" sizes=\"(max-width: 787px) 100vw, 787px\" \/><\/figure>\n","protected":false},"excerpt":{"rendered":"<p>Apoio e Colabora\u00e7\u00e3o Colegiado do Curso de Licenciatura em Qu\u00edmica &#8211; Campus Guanambi&nbsp; N\u00facleo de Comunica\u00e7\u00e3o Social &#8211; Campus Guanambi Coordena\u00e7\u00e3o de Extens\u00e3o &#8211; Campus Guanambi Diretoria de Comunica\u00e7\u00e3o Social&nbsp;&#8211; Reitoria&nbsp;<\/p>\n","protected":false},"author":48,"featured_media":0,"parent":0,"menu_order":0,"comment_status":"closed","ping_status":"closed","template":"","meta":{"neve_meta_sidebar":"full-width","neve_meta_container":"","neve_meta_enable_content_width":"on","neve_meta_content_width":100,"neve_meta_title_alignment":"","neve_meta_author_avatar":"","neve_post_elements_order":"","neve_meta_disable_header":"","neve_meta_disable_footer":"","neve_meta_disable_title":"","footnotes":""},"_links":{"self":[{"href":"https:\/\/eventos.ifbaiano.edu.br\/portal\/2-encontro-quimica-guanambi\/wp-json\/wp\/v2\/pages\/57"}],"collection":[{"href":"https:\/\/eventos.ifbaiano.edu.br\/portal\/2-encontro-quimica-guanambi\/wp-json\/wp\/v2\/pages"}],"about":[{"href":"https:\/\/eventos.ifbaiano.edu.br\/portal\/2-encontro-quimica-guanambi\/wp-json\/wp\/v2\/types\/page"}],"author":[{"embeddable":true,"href":"https:\/\/eventos.ifbaiano.edu.br\/portal\/2-encontro-quimica-guanambi\/wp-json\/wp\/v2\/users\/48"}],"replies":[{"embeddable":true,"href":"https:\/\/eventos.ifbaiano.edu.br\/portal\/2-encontro-quimica-guanambi\/wp-json\/wp\/v2\/comments?post=57"}],"version-history":[{"count":6,"href":"https:\/\/eventos.ifbaiano.edu.br\/portal\/2-encontro-quimica-guanambi\/wp-json\/wp\/v2\/pages\/57\/revisions"}],"predecessor-version":[{"id":128,"href":"https:\/\/eventos.ifbaiano.edu.br\/portal\/2-encontro-quimica-guanambi\/wp-json\/wp\/v2\/pages\/57\/revisions\/128"}],"wp:attachment":[{"href":"https:\/\/eventos.ifbaiano.edu.br\/portal\/2-encontro-quimica-guanambi\/wp-json\/wp\/v2\/media?parent=57"}],"curies":[{"name":"wp","href":"https:\/\/api.w.org\/{rel}","templated":true}]}}