{"id":29,"date":"2020-09-18T14:34:14","date_gmt":"2020-09-18T17:34:14","guid":{"rendered":"https:\/\/eventos.ifbaiano.edu.br\/portal\/2-encontro-quimica-guanambi\/?page_id=29"},"modified":"2020-11-21T11:27:17","modified_gmt":"2020-11-21T14:27:17","slug":"programacao","status":"publish","type":"page","link":"https:\/\/eventos.ifbaiano.edu.br\/portal\/2-encontro-quimica-guanambi\/programacao\/","title":{"rendered":"Programa\u00e7\u00e3o"},"content":{"rendered":"\n<h3 class=\"wp-block-heading\"><strong><span style=\"color:#e60707\" class=\"has-inline-color\">Aten\u00e7\u00e3o<\/span><\/strong><span style=\"color:#e01106\" class=\"has-inline-color\">!<\/span><\/h3>\n\n\n\n<ul><li><strong><span class=\"has-inline-color has-black-color\">As palestras e webinar ser\u00e3o transmitidos, no hor\u00e1rio indicado na programa\u00e7\u00e3o, pelas redes sociais do IF Baiano <em>campus<\/em> Guanambi. Acesse no dia e hor\u00e1rio indicado:  <\/span><\/strong><span class=\"has-inline-color has-black-color\"><strong>Instagram<\/strong> <a href=\"https:\/\/www.instagram.com\/ifbaianoguanambi\/\">https:\/\/www.instagram.com\/ifbaianoguanambi\/<\/a>  <strong>ou Youtube<\/strong>  <a href=\"https:\/\/www.youtube.com\/c\/campusguanambi\/\">https:\/\/www.youtube.com\/c\/campusguanambi\/<\/a><\/span>.<\/li><\/ul>\n\n\n\n<ul><li><span class=\"has-inline-color has-black-color\"><strong>As palestras tamb\u00e9m ser\u00e3o disponibilizadas aqui no site nesta aba.<\/strong><\/span><\/li><\/ul>\n\n\n\n<ul><li><span class=\"has-inline-color has-black-color\"><strong>As listas de presen\u00e7a ser\u00e3o disponibilizadas por 24h e estar\u00e3o logo abaixo de cada palestra\/webinar. <\/strong><\/span><\/li><\/ul>\n\n\n\n<h2 class=\"wp-block-heading\"><strong>24\/11<\/strong> <strong>Ter\u00e7a-feira<\/strong><\/h2>\n\n\n\n<p><strong>13h30 &#8211; Solenidade de Abertura (ao vivo)<\/strong><\/p>\n\n\n\n<p><strong>13h50 <\/strong>&#8211;<strong>Palestra de Abertura (ao vivo):<\/strong> <strong>Os desafios do ensino de Qu\u00edmica em tempos de pandemia<\/strong><\/p>\n\n\n\n<p>A palestra buscar\u00e1 pensar tens\u00f5es, dilemas,\nparadoxos e ambiguidades que os tempos atuais imp\u00f5em para o sistema educativo,\nsocial e humano. Atrav\u00e9s de uma abordagem plural e dial\u00e9tica recontextualizar\u00e1\ntemas gerais da esfera p\u00fablica do capitalismo, da t\u00e9cnica\/ci\u00eancia e do trabalho\nno contexto mais espec\u00edfico da educa\u00e7\u00e3o em Qu\u00edmica.<\/p>\n\n\n\n<div class=\"wp-block-image\"><figure class=\"alignleft\"><img loading=\"lazy\" decoding=\"async\" width=\"102\" height=\"125\" src=\"https:\/\/eventos.ifbaiano.edu.br\/portal\/2-encontro-quimica-guanambi\/files\/2020\/09\/image-1.png\" alt=\"\" class=\"wp-image-42\" \/><\/figure><\/div>\n\n\n\n<p><strong>Palestrante: Prof. Dr. Marcos Ant\u00f4nio Pinto Ribeiro (UESB <em>campus<\/em> Jequi\u00e9)<\/strong><\/p>\n\n\n\n<p><em>Mestre em Ensino, Filosofia e Hist\u00f3ria das Ci\u00eancias pela UFBA. Doutor em Educa\u00e7\u00e3o pela Universidade de Lisboa. Colaborador na Universidade do Porto\/Portugal. \u00c1rea de atua\u00e7\u00e3o: filosofia e hist\u00f3ria da ci\u00eancia; filosofia da qu\u00edmica; did\u00e1tica das ci\u00eancias; hist\u00f3ria do ensino e pesquisa de n\u00edvel superior. Coordena os grupos de pesquisa: Investiga\u00e7\u00f5es em, Filosofia, Qu\u00edmica e Curr\u00edculo e o N\u00facleo de Estudos e Investiga\u00e7\u00f5es Metacient\u00edficos.<\/em><\/p>\n\n\n\n<hr class=\"wp-block-separator\" \/>\n\n\n\n<p><strong>15h &#8211; Webinar: Liofiliza\u00e7\u00e3o de amostras: fundamentos e aplica\u00e7\u00e3o<\/strong><br>A liofiliza\u00e7\u00e3o \u00e9 uma t\u00e9cnica que consiste na remo\u00e7\u00e3o de \u00e1gua contida na amostra, previamente congelada e submetida \u00e0 baixa press\u00e3o. Dentro deste contexto, este Webinar abordar\u00e1 o princ\u00edpio b\u00e1sico e a aplica\u00e7\u00e3o da t\u00e9cnica, a instrumenta\u00e7\u00e3o e o funcionamento de um liofilizador.<\/p>\n\n\n\n<div class=\"wp-block-image\"><figure class=\"alignleft\"><img loading=\"lazy\" decoding=\"async\" width=\"103\" height=\"123\" src=\"https:\/\/eventos.ifbaiano.edu.br\/portal\/2-encontro-quimica-guanambi\/files\/2020\/09\/image-2.png\" alt=\"\" class=\"wp-image-43\" \/><\/figure><\/div>\n\n\n\n<p><strong>Palestrante: Prof. Dr. M\u00e1rio S\u00e9rgio de Oliveira Paz (IFTO <em>campus <\/em>Araguatins)<\/strong><\/p>\n\n\n\n<p><em>Doutor\nem Qu\u00edmica Anal\u00edtica pela UFCE com per\u00edodo Sandu\u00edche no Instituto Superior de\nEngenharia do Porto -Portugal; P\u00f3s-doutorado em Qu\u00edmica pela UFCE atrav\u00e9s do\nPrograma Pesquisador Visitante Especial (PPVEs) da CAPES. \u00c1rea de atua\u00e7\u00e3o:\nEnsino de Qu\u00edmica &#8211; n\u00edvel m\u00e9dio e superior. Na pesquisa atua na \u00e1rea de Qu\u00edmica\nAnal\u00edtica com \u00eanfase em an\u00e1lises de res\u00edduos de agrot\u00f3xicos em amostras ambiental\ne alimentar, cromatografia gasosa,&nbsp;\nm\u00e9todo de preparo de amostra empregando QuEChERS e an\u00e1lises antioxidante\ne antibacteriana.<\/em><\/p>\n\n\n\n<hr class=\"wp-block-separator\" \/>\n\n\n\n<p><strong>16h<\/strong> &#8211; <strong>Webinar<\/strong><strong>: S\u00edntese e caracteriza\u00e7\u00e3o de metalof\u00e1rmacos\ncom \u00eanfase na utiliza\u00e7\u00e3o de softwares <\/strong><\/p>\n\n\n\n<p>O minicurso apresentar\u00e1 as etapas de planejamento, obten\u00e7\u00e3o de metalof\u00e1rmacos e o uso de ferramentas computacionais no aux\u00edlio do design de compostos com propriedades f\u00edsico-qu\u00edmicas desejadas. Tamb\u00e9m ser\u00e1 abordado os primeiros testes <em>in vitro<\/em> para avalia\u00e7\u00e3o bioinorg\u00e2nica.<\/p>\n\n\n\n<div class=\"wp-block-image\"><figure class=\"alignleft\"><img loading=\"lazy\" decoding=\"async\" width=\"100\" height=\"112\" src=\"https:\/\/eventos.ifbaiano.edu.br\/portal\/2-encontro-quimica-guanambi\/files\/2020\/09\/image-3.png\" alt=\"\" class=\"wp-image-45\" \/><\/figure><\/div>\n\n\n\n<p><strong>Palestrante<\/strong>: <strong>Prof. Dr. Rafael<\/strong> <strong>Gomes da Silveira (IFGOIANO <em>campus<\/em> Ceres)<\/strong><\/p>\n\n\n\n<p><em>Licenciado em qu\u00edmica pela UEG (2008), Mestre\nem qu\u00edmica de materiais pela UFG (2010), Doutor em ci\u00eancia- \u00e1rea de\nconcentra\u00e7\u00e3o Qu\u00edmica Inorg\u00e2nica (2017). \u00c1rea de atua\u00e7\u00e3o: s\u00edntese&nbsp;e\ncaracteriza\u00e7\u00e3o de compostos de coordena\u00e7\u00e3o,&nbsp;principalmente&nbsp;por\ncristalografia de raios-X de pequenas mol\u00e9culas, al\u00e9m da avalia\u00e7\u00e3o de\npropriedades biol\u00f3gicas e an\u00e1lise te\u00f3rica por DFT de propriedades\nespectrosc\u00f3picas e estruturais de metalof\u00e1rmacos.<\/em><\/p>\n\n\n\n<hr class=\"wp-block-separator\" \/>\n\n\n\n<p><strong>17h &#8211; <\/strong><strong>Palestra:<\/strong><strong> Preparo de amostra para an\u00e1lise elementar<\/strong><\/p>\n\n\n\n<p>Para a maioria\ndas an\u00e1lises qu\u00edmicas, as t\u00e9cnicas empregadas requerem algum tipo de tratamento\nda amostra que transforma a forma original em outra mais conveniente e\/ou mais\napropriada para a an\u00e1lise. Neste contexto, a palestra abordar\u00e1 os principais\nprocedimentos de preparo de amostras utilizados previamente a uma an\u00e1lise\nespectrosc\u00f3pica para a determina\u00e7\u00e3o da composi\u00e7\u00e3o elementar.<\/p>\n\n\n\n<div class=\"wp-block-image\"><figure class=\"alignleft\"><img loading=\"lazy\" decoding=\"async\" width=\"96\" height=\"122\" src=\"https:\/\/eventos.ifbaiano.edu.br\/portal\/2-encontro-quimica-guanambi\/files\/2020\/09\/image-4-e1600452295148.png\" alt=\"\" class=\"wp-image-46\" \/><\/figure><\/div>\n\n\n\n<p><strong>Palestrante: Profa. Dra. Andr\u00e9ia Cardoso Pereira (UFPA)<\/strong><\/p>\n\n\n\n<p><em>Mestra em Ci\u00eancias, \u00e1rea de concentra\u00e7\u00e3o em\nQu\u00edmica Anal\u00edtica, pelo IQSC\/USP; Doutora em Ci\u00eancias, \u00e1rea de concentra\u00e7\u00e3o em\nQu\u00edmica na Agricultura e no Ambiente, pelo CENA\/USP, com per\u00edodo sandu\u00edche na\nUniversidade do Porto\/ Portugal. Possui P\u00f3s-doutorado pelo Programa Nacional de\nP\u00f3s Doutorado (PNPD\/CAPES) junto ao Programa de P\u00f3s-Gradua\u00e7\u00e3o em Ci\u00eancias dos\nMateriais da UFMA. Possui experi\u00eancia na \u00e1rea de Qu\u00edmica Anal\u00edtica, com \u00eanfase\nem an\u00e1lises por inje\u00e7\u00e3o em fluxo com multicomuta\u00e7\u00e3o, espectroscopia e preparo\nde amostras.<\/em><\/p>\n\n\n\n<hr class=\"wp-block-separator\" \/>\n\n\n\n<p><strong>19h &#8211;  Apresenta\u00e7\u00e3o de trabalhos<\/strong> &#8211; Apresenta\u00e7\u00f5es ao vivo em salas do google meet; o n\u00famero de salas ser\u00e1 definido de acordo com a quantidade de trabalhos aceitos; cada sala ter\u00e1 um moderador respons\u00e1vel.  <\/p>\n\n\n\n<p><strong>PARA MAIORES INFORMA\u00c7\u00d5ES SOBRE A APRESENTA\u00c7\u00c3O DE TRABALHOS, ACESSE: <\/strong><a href=\"https:\/\/eventos.ifbaiano.edu.br\/portal\/2-encontro-quimica-guanambi\/apresentacao-de-trabalhos\/\">https:\/\/eventos.ifbaiano.edu.br\/portal\/2-encontro-quimica-guanambi\/apresentacao-de-trabalhos\/<\/a><\/p>\n\n\n\n<hr class=\"wp-block-separator\" \/>\n\n\n\n<h2 class=\"wp-block-heading\"><strong>25\/11<\/strong> <strong>Quarta-feira<\/strong><\/h2>\n\n\n\n<p><strong>9h &#8211; Palestra t\u00e9cnica:  Cromatografia Bidimensional em GC e GC\/MS <\/strong><\/p>\n\n\n\n<p>A palestra abordar\u00e1 os conceitos, instrumenta\u00e7\u00e3o, configura\u00e7\u00e3o e aplica\u00e7\u00f5es da t\u00e9cnica de cromatografia  bidimensional em GC e GC\/MS.<\/p>\n\n\n\n<div class=\"wp-block-image\"><figure class=\"alignleft is-resized\"><img loading=\"lazy\" decoding=\"async\" src=\"https:\/\/eventos.ifbaiano.edu.br\/portal\/2-encontro-quimica-guanambi\/files\/2020\/09\/celso-foto-1.jpg\" alt=\"\" class=\"wp-image-117\" width=\"108\" height=\"80\" \/><\/figure><\/div>\n\n\n\n<p class=\"has-text-align-left\"><strong>Palestrante: Dr. Celso<\/strong> <strong>Blatt<\/strong> <strong> (Agilent Technologies Brasil)<\/strong><\/p>\n\n\n\n<p>Graduado em Qu\u00edmica Industrial pela UFSM. Mestre e Doutor em Qu\u00edmica Anal\u00edtica pela USP. Pesquisador em instrumenta\u00e7\u00e3o anal\u00edtica na Instrumentos Cient\u00edficos CG Ltda &#8211; SP de 1987 a 1992. Engenheiro de suporte e depois cientista de aplica\u00e7\u00f5es na Hewlett    Packard \/ Agilent Technologies Brasil desde 1992 at\u00e9 hoje. <\/p>\n\n\n\n<hr class=\"wp-block-separator\" \/>\n\n\n\n<p><strong>10h &#8211;<\/strong> <strong>Webinar: O uso da cromatografia de Pfeiffer em an\u00e1lise de solo<\/strong><\/p>\n\n\n\n<p> A Cromatografia Circular de Pfeiffer \u00e9 uma t\u00e9cnica de an\u00e1lise qualitativa de baixo custo e de f\u00e1cil interpreta\u00e7\u00e3o que permite avaliar a qualidade de alimentos, adubos e acompanhar as transforma\u00e7\u00f5es e poss\u00edveis contamina\u00e7\u00f5es por agrot\u00f3xicos que ocorrem no solo. Nesse webinar ser\u00e1 apresentado uma breve introdu\u00e7\u00e3o sobre a t\u00e9cnica, os procedimentos metodol\u00f3gicos e a interpreta\u00e7\u00e3o dos cromatogramas para an\u00e1lises do solo. <\/p>\n\n\n\n<div class=\"wp-block-image\"><figure class=\"alignleft\"><img loading=\"lazy\" decoding=\"async\" width=\"97\" height=\"118\" src=\"https:\/\/eventos.ifbaiano.edu.br\/portal\/2-encontro-quimica-guanambi\/files\/2020\/09\/image-5.png\" alt=\"\" class=\"wp-image-49\" \/><\/figure><\/div>\n\n\n\n<p><strong>Palestrante:<\/strong> <strong>Profa. Ma. Marciana Benevides da Silva (IFBAIANO <em>campus <\/em>Santa In\u00eas)<\/strong><\/p>\n\n\n\n<p><em>Mestra em Qu\u00edmica Pura e Aplicada pela UFOB. Possui Licenciatura em Qu\u00edmica pelo IF BAIANO Campus Guanambi (2017). Atuou como bolsista no projeto de extens\u00e3o do N\u00facleo de Estudos em Agroecologia e Produ\u00e7\u00e3o Org\u00e2nica no Territ\u00f3rio Sert\u00e3o Produtivo (2017-2018). Atuou como bolsista no Programa Institucional de Inicia\u00e7\u00e3o \u00e0 Doc\u00eancia (Pibid) da Capes (2014-2017). Possui experi\u00eancia em Agroecologia e Produ\u00e7\u00e3o Org\u00e2nica. \u00c1rea de atua\u00e7\u00e3o: Qu\u00edmica do solo.<\/em><\/p>\n\n\n\n<hr class=\"wp-block-separator\" \/>\n\n\n\n<p><strong>14h<\/strong> &#8211; <strong>Webinar<\/strong>: <strong>Linguagem e Intera\u00e7\u00f5es Discursivas no ensino\nde Qu\u00edmica<\/strong><\/p>\n\n\n\n<p>O Webinar\nabordar\u00e1 alguns pensamentos te\u00f3ricos contempor\u00e2neos a respeito do processo de\ncomunica\u00e7\u00e3o e do uso da linguagem para o ensino e aprendizagem, que ajudam\nprofessores e licenciandos em Qu\u00edmica a refletir sobre a import\u00e2ncia da\nlinguagem e dos interc\u00e2mbios entre professores e alunos como elementos\nfacilitadores para a aprendizagem dessa ci\u00eancia.<\/p>\n\n\n\n<div class=\"wp-block-image\"><figure class=\"alignleft\"><img loading=\"lazy\" decoding=\"async\" width=\"95\" height=\"123\" src=\"https:\/\/eventos.ifbaiano.edu.br\/portal\/2-encontro-quimica-guanambi\/files\/2020\/09\/image-6.png\" alt=\"\" class=\"wp-image-50\" \/><\/figure><\/div>\n\n\n\n<p><strong>Palestrante:<\/strong> <strong>Prof. Dr. Bruno Ferreira dos Santos (UESB <em>campus<\/em> Jequi\u00e9)<\/strong><em>Mestre em Qu\u00edmica pela UFBA e Doutor em Ci\u00eancias Humanas e Sociais pela Universidade Nacional de Quilmes, Argentina. Realizou P\u00f3s-doutorado na Faculdade de Educa\u00e7\u00e3o da UFMG. Atua como professor nos cursos de licenciatura e bacharelado em Qu\u00edmica, e professor credenciado nos Programas de P\u00f3s-gradua\u00e7\u00e3o em Qu\u00edmica Anal\u00edtica, Mestrado Profissional em Qu\u00edmica. Coordena a&nbsp; P\u00f3s-gradua\u00e7\u00e3o em Educa\u00e7\u00e3o Cient\u00edfica e Forma\u00e7\u00e3o de Professores.<\/em><\/p>\n\n\n\n<hr class=\"wp-block-separator\" \/>\n\n\n\n<p><strong>15h &#8211; <\/strong><strong>Palestra<\/strong>: <strong>O ensino de Qu\u00edmica a partir de uma perspectiva s\u00edgnica e\ninclusiva<\/strong><\/p>\n\n\n\n<p>O objetivo da palestra ser\u00e1 o de retratar\nalguns dos principais aspectos que envolvem a educa\u00e7\u00e3o especial e inclusiva a\npartir do olhar hist\u00f3rico da educa\u00e7\u00e3o das pessoas com defici\u00eancias, das\nprodu\u00e7\u00f5es recentes da \u00e1rea e da import\u00e2ncia do estudo do s\u00edgno no processo de\nmedia\u00e7\u00e3o do conhecimento qu\u00edmico na perspectiva de um ensino de Qu\u00edmica para a\ninclus\u00e3o.<\/p>\n\n\n\n<div class=\"wp-block-image\"><figure class=\"alignleft is-resized\"><img loading=\"lazy\" decoding=\"async\" src=\"https:\/\/eventos.ifbaiano.edu.br\/portal\/2-encontro-quimica-guanambi\/files\/2020\/09\/image-7.png\" alt=\"\" class=\"wp-image-51\" width=\"108\" height=\"130\" \/><\/figure><\/div>\n\n\n\n<p><strong>Palestrante:<\/strong> <strong>Profa. Dra. Jomara Mendes Fernandes (UFBA)<\/strong><\/p>\n\n\n\n<p><em>Graduada, Mestra e Doutora em Qu\u00edmica (Educa\u00e7\u00e3o Qu\u00edmica) pela UFJF. Especialista em Libras e Educa\u00e7\u00e3o de Surdos pela UNOPAR.&nbsp; \u00c1rea de atua\u00e7\u00e3o: Forma\u00e7\u00e3o de professores de qu\u00edmica; Educa\u00e7\u00e3o inclusiva; Semi\u00f3tica; Hist\u00f3ria da Qu\u00edmica.<\/em><\/p>\n\n\n\n<hr class=\"wp-block-separator\" \/>\n\n\n\n<p><strong>16h &#8211; <\/strong><strong>Webinar<\/strong>: <strong>An\u00e1lise Qu\u00edmica de amostras ambientais: m\u00e9todos,\ndesafios e novas tecnologias.<\/strong><\/p>\n\n\n\n<p>Neste Webinar\nser\u00e1 apresentado os principais desafios para a an\u00e1lise qu\u00edmica de amostras\nambientais com destaque aos aspectos relacionados \u00e0 natureza da amostra,\nm\u00e9todos de preparo, t\u00e9cnicas e tecnologias empregadas, al\u00e9m dos avan\u00e7os na\nbusca de m\u00e9todos anal\u00edticos mais eficientes e ecologicamente amig\u00e1veis.<\/p>\n\n\n\n<div class=\"wp-block-image\"><figure class=\"alignleft\"><img loading=\"lazy\" decoding=\"async\" width=\"100\" height=\"108\" src=\"https:\/\/eventos.ifbaiano.edu.br\/portal\/2-encontro-quimica-guanambi\/files\/2020\/09\/image-8-e1600452827973.png\" alt=\"\" class=\"wp-image-52\" \/><\/figure><\/div>\n\n\n\n<p><strong>Palestrante:<\/strong> <strong>Me. Floriatan Santos Costa<\/strong><\/p>\n\n\n\n<p><em>Mestre\nem Qu\u00edmica Anal\u00edtica pela UESC. Doutorando em Qu\u00edmica Anal\u00edtica pela UFPR.\nPossui Licenciatura em Qu\u00edmica pelo IFBAIANO &#8211; Campus Guanambi (2016). \u00c1rea de atua\u00e7\u00e3o:\nDesenvolvimento de m\u00e9todos anal\u00edticos para quantifica\u00e7\u00e3o de elementos tra\u00e7o em\namostras ambientais e biol\u00f3gicas empregando t\u00e9cnicas espectroanal\u00edticas e\nm\u00e9todos multivariados como estrat\u00e9gia de otimiza\u00e7\u00e3o.<\/em><\/p>\n\n\n\n<hr class=\"wp-block-separator\" \/>\n\n\n\n<p><strong>17h &#8211; <\/strong><strong>Webinar<\/strong><strong>: Cat\u00e1lise: fundamentos e\naplica\u00e7\u00f5es<\/strong><\/p>\n\n\n\n<p>Este\nwebinar tem como objetivo apresentar alguns conceitos e aplica\u00e7\u00f5es relacionados\na cat\u00e1lise heterog\u00eanea. Dessa forma, promover o contato de estudantes a uma\n\u00e1rea do conhecimento essencial para a sociedade atual, a partir de aspectos\ncient\u00edficos e industriais.<\/p>\n\n\n\n<div class=\"wp-block-image\"><figure class=\"alignleft\"><img loading=\"lazy\" decoding=\"async\" width=\"96\" height=\"118\" src=\"https:\/\/eventos.ifbaiano.edu.br\/portal\/2-encontro-quimica-guanambi\/files\/2020\/09\/image-9.png\" alt=\"\" class=\"wp-image-54\" \/><\/figure><\/div>\n\n\n\n<p><strong>Palestrante: Prof. Dr. Andr\u00e9 Rosa Martins (IFBA <em>campus<\/em> Porto Seguro)<\/strong><\/p>\n\n\n\n<p><em>Possui licenciatura (2007), bacharelado (2009), mestrado (2010) e\ndoutorado (2014) em Qu\u00edmica, pela UFBA. Membro do Grupo de Pesquisa em\nMateriais e Cat\u00e1lise e Grupo de Estudo em Forma\u00e7\u00e3o de Professores. Atua\u00e7\u00e3o\nprofissional: Professor de Qu\u00edmica Geral e F\u00edsico-Qu\u00edmica. Pesquisador (temas:\nmateriais, cat\u00e1lise heterog\u00eanea, ensino de Qu\u00edmica).<\/em><\/p>\n\n\n\n<hr class=\"wp-block-separator\" \/>\n\n\n\n<p><strong>19h<\/strong> &#8211; <strong>Palestra de Encerramento (ao vivo)<\/strong><strong>:\nRedesenhando o curr\u00edculo com metodologias ativas e modelos h\u00edbridos.<\/strong><\/p>\n\n\n\n<p>Esta\npalestra abordar\u00e1 temas como, metodologias ativas, modelos flex\u00edveis e\ntecnologias digitais, os quais s\u00e3o componentes importantes para a transforma\u00e7\u00e3o\nprogressiva e sist\u00eamica das nossas Escolas e IES em comunidades de\naprendizagem.<\/p>\n\n\n\n<div class=\"wp-block-image\"><figure class=\"alignleft\"><img loading=\"lazy\" decoding=\"async\" width=\"101\" height=\"116\" src=\"https:\/\/eventos.ifbaiano.edu.br\/portal\/2-encontro-quimica-guanambi\/files\/2020\/09\/image-10.png\" alt=\"\" class=\"wp-image-55\" \/><\/figure><\/div>\n\n\n\n<p><strong>Palestrante:&nbsp; Prof. Dr. Jos\u00e9 Manuel Moran (USP)<\/strong><\/p>\n\n\n\n<p><em>Professor,\npesquisador e designer de ecossistemas inovadores na educa\u00e7\u00e3o com \u00eanfase em\nvalores, metodologias ativas, modelos h\u00edbridos, personaliza\u00e7\u00e3o e tecnologias\ndigitais. Foi professor na USP e um dos fundadores do Projeto Escola do Futuro\n(1989). Implantou e gerenciou programas de Ensino H\u00edbrido e de Educa\u00e7\u00e3o a\nDist\u00e2ncia. \u00c9 autor dos livros A educa\u00e7\u00e3o que desejamos: novos desafios e como\nchegar l\u00e1 (Papirus), Metodologias Ativas de Bolso (Editora do Brasil) e coautor\ndos livros Metodologias Ativas para uma Educa\u00e7\u00e3o Inovadora (Penso), Novas\nTecnologias e Media\u00e7\u00e3o Pedag\u00f3gica (Papirus) e Educa\u00e7\u00e3o a Dist\u00e2ncia: Pontos e\nContrapontos (Summus). Suas ideias est\u00e3o no blog Educa\u00e7\u00e3o Transformadora.&nbsp; <\/em><\/p>\n","protected":false},"excerpt":{"rendered":"<p>Aten\u00e7\u00e3o! As palestras e webinar ser\u00e3o transmitidos, no hor\u00e1rio indicado na programa\u00e7\u00e3o, pelas redes sociais do IF Baiano campus Guanambi. Acesse no dia e hor\u00e1rio indicado: Instagram https:\/\/www.instagram.com\/ifbaianoguanambi\/ ou Youtube https:\/\/www.youtube.com\/c\/campusguanambi\/. As palestras tamb\u00e9m ser\u00e3o disponibilizadas aqui no site nesta aba. As listas de presen\u00e7a ser\u00e3o disponibilizadas por 24h e estar\u00e3o logo abaixo de cada&hellip;&nbsp;<a href=\"https:\/\/eventos.ifbaiano.edu.br\/portal\/2-encontro-quimica-guanambi\/programacao\/\" rel=\"bookmark\">Continue a ler &raquo;<span class=\"screen-reader-text\">Programa\u00e7\u00e3o<\/span><\/a><\/p>\n","protected":false},"author":48,"featured_media":0,"parent":0,"menu_order":0,"comment_status":"closed","ping_status":"closed","template":"","meta":{"neve_meta_sidebar":"full-width","neve_meta_container":"","neve_meta_enable_content_width":"on","neve_meta_content_width":100,"neve_meta_title_alignment":"","neve_meta_author_avatar":"","neve_post_elements_order":"","neve_meta_disable_header":"","neve_meta_disable_footer":"","neve_meta_disable_title":"","footnotes":""},"_links":{"self":[{"href":"https:\/\/eventos.ifbaiano.edu.br\/portal\/2-encontro-quimica-guanambi\/wp-json\/wp\/v2\/pages\/29"}],"collection":[{"href":"https:\/\/eventos.ifbaiano.edu.br\/portal\/2-encontro-quimica-guanambi\/wp-json\/wp\/v2\/pages"}],"about":[{"href":"https:\/\/eventos.ifbaiano.edu.br\/portal\/2-encontro-quimica-guanambi\/wp-json\/wp\/v2\/types\/page"}],"author":[{"embeddable":true,"href":"https:\/\/eventos.ifbaiano.edu.br\/portal\/2-encontro-quimica-guanambi\/wp-json\/wp\/v2\/users\/48"}],"replies":[{"embeddable":true,"href":"https:\/\/eventos.ifbaiano.edu.br\/portal\/2-encontro-quimica-guanambi\/wp-json\/wp\/v2\/comments?post=29"}],"version-history":[{"count":25,"href":"https:\/\/eventos.ifbaiano.edu.br\/portal\/2-encontro-quimica-guanambi\/wp-json\/wp\/v2\/pages\/29\/revisions"}],"predecessor-version":[{"id":171,"href":"https:\/\/eventos.ifbaiano.edu.br\/portal\/2-encontro-quimica-guanambi\/wp-json\/wp\/v2\/pages\/29\/revisions\/171"}],"wp:attachment":[{"href":"https:\/\/eventos.ifbaiano.edu.br\/portal\/2-encontro-quimica-guanambi\/wp-json\/wp\/v2\/media?parent=29"}],"curies":[{"name":"wp","href":"https:\/\/api.w.org\/{rel}","templated":true}]}}