{"id":178,"date":"2020-11-23T20:31:32","date_gmt":"2020-11-23T23:31:32","guid":{"rendered":"https:\/\/eventos.ifbaiano.edu.br\/portal\/2-encontro-quimica-guanambi\/?page_id=178"},"modified":"2020-11-25T18:39:40","modified_gmt":"2020-11-25T21:39:40","slug":"sala-do-evento","status":"publish","type":"page","link":"https:\/\/eventos.ifbaiano.edu.br\/portal\/2-encontro-quimica-guanambi\/","title":{"rendered":"Sala do Evento"},"content":{"rendered":"\n<ul><li><strong>As palestras e webinar ser\u00e3o transmitidos, no hor\u00e1rio indicado na programa\u00e7\u00e3o, pelas redes sociais do IF Baiano&nbsp;<em>campus<\/em>&nbsp;Guanambi. Acesse no dia e hor\u00e1rio indicado:&nbsp;Youtube<\/strong>&nbsp;<a href=\"https:\/\/www.youtube.com\/c\/campusguanambi\/\">https:\/\/www.youtube.com\/c\/campusguanambi\/<\/a>.<\/li><li><strong>As palestras tamb\u00e9m ser\u00e3o disponibilizadas aqui no site nesta aba.<\/strong><\/li><li><strong>As listas de presen\u00e7a ser\u00e3o disponibilizadas por 24h e estar\u00e3o logo abaixo de cada palestra\/webinar.<\/strong><\/li><\/ul>\n\n\n\n<h2 class=\"wp-block-heading\"><strong>24\/11<\/strong>&nbsp;<strong>Ter\u00e7a-feira<\/strong><\/h2>\n\n\n\n<p><strong>13h30 \u2013 Solenidade de Abertura (ao vivo)<\/strong><\/p>\n\n\n\n<p><strong>13h50&nbsp;<\/strong>\u2013<strong>Palestra de Abertura (ao vivo):<\/strong>&nbsp;<strong>Os desafios do ensino de Qu\u00edmica em tempos de pandemia<\/strong><\/p>\n\n\n\n<p><strong>Palestrante: Prof. Dr. Marcos Ant\u00f4nio Pinto Ribeiro (UESB&nbsp;<em>campus<\/em>&nbsp;Jequi\u00e9)<\/strong><\/p>\n\n\n\n<figure class=\"wp-block-embed-youtube wp-block-embed is-type-video is-provider-youtube wp-embed-aspect-16-9 wp-has-aspect-ratio\"><div class=\"wp-block-embed__wrapper\">\n<div class=\"nv-iframe-embed\"><iframe loading=\"lazy\" title=\"II EQGBI - Abertura - Os desafios do ensino de Qu\u00edmica em tempos de pandemia\" width=\"1200\" height=\"675\" src=\"https:\/\/www.youtube.com\/embed\/xWmiKtglGT0?feature=oembed\" frameborder=\"0\" allow=\"accelerometer; autoplay; clipboard-write; encrypted-media; gyroscope; picture-in-picture\" allowfullscreen><\/iframe><\/div>\n<\/div><\/figure>\n\n\n\n<p><\/p>\n\n\n\n<h3 class=\"wp-block-heading\"><a rel=\"noreferrer noopener\" href=\"https:\/\/docs.google.com\/forms\/d\/e\/1FAIpQLScb51qgnK4t3TocC2l7YbDVBilrM7g4uGUGSI02h9vNu-qbvg\/viewform\" target=\"_blank\">Assinar Lista de Presen\u00e7a<\/a><\/h3>\n\n\n\n<p><strong>15h \u2013 Webinar: Liofiliza\u00e7\u00e3o de amostras: fundamentos e aplica\u00e7\u00e3o<\/strong><\/p>\n\n\n\n<p><strong>Palestrante: Prof. Dr. M\u00e1rio S\u00e9rgio de Oliveira Paz (IFTO&nbsp;<em>campus&nbsp;<\/em>Araguatins)<\/strong><\/p>\n\n\n\n<figure class=\"wp-block-embed-youtube wp-block-embed is-type-video is-provider-youtube wp-embed-aspect-16-9 wp-has-aspect-ratio\"><div class=\"wp-block-embed__wrapper\">\n<div class=\"nv-iframe-embed\"><iframe loading=\"lazy\" title=\"Liofiliza\u00e7\u00e3o de amostras: fundamentos e aplica\u00e7\u00e3o - II EQGBI\" width=\"1200\" height=\"675\" src=\"https:\/\/www.youtube.com\/embed\/vCM8vyJ_VAo?feature=oembed\" frameborder=\"0\" allow=\"accelerometer; autoplay; clipboard-write; encrypted-media; gyroscope; picture-in-picture\" allowfullscreen><\/iframe><\/div>\n<\/div><\/figure>\n\n\n\n<h3 class=\"wp-block-heading\"><a rel=\"noreferrer noopener\" href=\"https:\/\/docs.google.com\/forms\/d\/e\/1FAIpQLSdqTodlDsLqqnI9KGJzUkx_BfSyP6lo-8VuvFSyvULURTBPvQ\/viewform\" target=\"_blank\">Assinar Lista de Presen\u00e7a<\/a><\/h3>\n\n\n\n<p><strong>16h<\/strong>&nbsp;\u2013&nbsp;<strong>Webinar: S\u00edntese e caracteriza\u00e7\u00e3o de metalof\u00e1rmacos com \u00eanfase na utiliza\u00e7\u00e3o de softwares<\/strong><\/p>\n\n\n\n<p><strong>Palestrante<\/strong>:&nbsp;<strong>Prof. Dr. Rafael<\/strong>&nbsp;<strong>Gomes da Silveira (IFGOIANO&nbsp;<em>campus<\/em>&nbsp;Ceres)<\/strong><\/p>\n\n\n\n<figure class=\"wp-block-embed-youtube wp-block-embed is-type-video is-provider-youtube wp-embed-aspect-16-9 wp-has-aspect-ratio\"><div class=\"wp-block-embed__wrapper\">\n<div class=\"nv-iframe-embed\"><iframe loading=\"lazy\" title=\"S\u00edntese e caracteriza\u00e7\u00e3o de metalof\u00e1rmacos com \u00eanfase na utiliza\u00e7\u00e3o de softwares - II EQGBI\" width=\"1200\" height=\"675\" src=\"https:\/\/www.youtube.com\/embed\/cNbNle0lVz8?feature=oembed\" frameborder=\"0\" allow=\"accelerometer; autoplay; clipboard-write; encrypted-media; gyroscope; picture-in-picture\" allowfullscreen><\/iframe><\/div>\n<\/div><\/figure>\n\n\n\n<h3 class=\"wp-block-heading\"><a rel=\"noreferrer noopener\" href=\"https:\/\/docs.google.com\/forms\/d\/e\/1FAIpQLSfvGkRHC6VD76SGVBD5W3Wc4EwqOHcCkfwqqpc2G0FlK3fcLg\/viewform\" target=\"_blank\">Assinar Lista de presen\u00e7a<\/a><\/h3>\n\n\n\n<p><strong>17h \u2013&nbsp;Palestra:&nbsp;Preparo de amostra para an\u00e1lise elementar<\/strong><\/p>\n\n\n\n<p><strong>Palestrante: Profa. Dra. Andr\u00e9ia Cardoso Pereira (UFPA)<\/strong><\/p>\n\n\n\n<figure class=\"wp-block-embed-youtube wp-block-embed is-type-video is-provider-youtube wp-embed-aspect-16-9 wp-has-aspect-ratio\"><div class=\"wp-block-embed__wrapper\">\n<div class=\"nv-iframe-embed\"><iframe loading=\"lazy\" title=\"Preparo de amostra para an\u00e1lise elementar - II EQGBI\" width=\"1200\" height=\"675\" src=\"https:\/\/www.youtube.com\/embed\/GR035wuLeIo?feature=oembed\" frameborder=\"0\" allow=\"accelerometer; autoplay; clipboard-write; encrypted-media; gyroscope; picture-in-picture\" allowfullscreen><\/iframe><\/div>\n<\/div><\/figure>\n\n\n\n<h3 class=\"wp-block-heading\"><a href=\"https:\/\/docs.google.com\/forms\/d\/e\/1FAIpQLScbSnFP5Rase4mnfVNa8AkU-yE7H9VqWbZja_SBRdtl7iTY0w\/closedform\" target=\"_blank\" rel=\"noreferrer noopener\">Assinar Lista de Presen\u00e7a<\/a><\/h3>\n\n\n\n<h2 class=\"wp-block-heading\"><strong>25\/11<\/strong>&nbsp;<strong>Quarta-feira<\/strong><\/h2>\n\n\n\n<p><strong>9h \u2013 Palestra t\u00e9cnica: Cromatografia Bidimensional em GC e GC\/MS<\/strong><\/p>\n\n\n\n<p><strong>Palestrante: Dr. Celso<\/strong>&nbsp;<strong>Blatt<\/strong>&nbsp;<strong>(Agilent Technologies Brasil)<\/strong><\/p>\n\n\n\n<figure class=\"wp-block-embed-youtube wp-block-embed is-type-video is-provider-youtube wp-embed-aspect-16-9 wp-has-aspect-ratio\"><div class=\"wp-block-embed__wrapper\">\n<div class=\"nv-iframe-embed\"><iframe loading=\"lazy\" title=\"Cromatografia Bidimensional em GC e GC\/MS - II EQGBI\" width=\"1200\" height=\"675\" src=\"https:\/\/www.youtube.com\/embed\/n7Zu_gaosHk?feature=oembed\" frameborder=\"0\" allow=\"accelerometer; autoplay; clipboard-write; encrypted-media; gyroscope; picture-in-picture\" allowfullscreen><\/iframe><\/div>\n<\/div><\/figure>\n\n\n\n<h3 class=\"wp-block-heading\"><a href=\"https:\/\/docs.google.com\/forms\/d\/e\/1FAIpQLSeKrEdj4xG37i2iEHzYHeuWxYY6z7MO-7MUnVTrTIoeRgYgLw\/viewform\" target=\"_blank\" rel=\"noreferrer noopener\">Assinar Lista de Presen\u00e7a<\/a><\/h3>\n\n\n\n<p><strong>10h \u2013<\/strong>&nbsp;<strong>Webinar: O uso da cromatografia de Pfeiffer em an\u00e1lise de solo<\/strong><\/p>\n\n\n\n<p><strong>Palestrante:<\/strong>&nbsp;<strong>Profa. Ma. Marciana Benevides da Silva (IFBAIANO&nbsp;<em>campus&nbsp;<\/em>Santa In\u00eas)<\/strong><\/p>\n\n\n\n<figure class=\"wp-block-embed-youtube wp-block-embed is-type-video is-provider-youtube wp-embed-aspect-16-9 wp-has-aspect-ratio\"><div class=\"wp-block-embed__wrapper\">\n<div class=\"nv-iframe-embed\"><iframe loading=\"lazy\" title=\"O uso da Cromatografia de Pfeiffer em an\u00e1lise de solo  Marciana Benevides\" width=\"1200\" height=\"675\" src=\"https:\/\/www.youtube.com\/embed\/rsnCl-M3Csk?feature=oembed\" frameborder=\"0\" allow=\"accelerometer; autoplay; clipboard-write; encrypted-media; gyroscope; picture-in-picture\" allowfullscreen><\/iframe><\/div>\n<\/div><\/figure>\n\n\n\n<h3 class=\"wp-block-heading\"><a href=\"https:\/\/docs.google.com\/forms\/d\/e\/1FAIpQLScfW9gfuS2gEtm-Jlq-FGjsiOwdAQubGAZ5oXKGrDwdsoU-Eg\/viewform\" target=\"_blank\" rel=\"noreferrer noopener\">Assinar Lista de Presen\u00e7a<\/a><\/h3>\n\n\n\n<p><strong>14h<\/strong>&nbsp;\u2013&nbsp;<strong>Webinar<\/strong>:&nbsp;<strong>Linguagem e Intera\u00e7\u00f5es Discursivas no ensino de Qu\u00edmica<\/strong><\/p>\n\n\n\n<p><strong>Palestrante: Prof. Dr. Bruno Ferreira dos Santos (UESB&nbsp;<em>campus<\/em>&nbsp;Jequi\u00e9)<\/strong><\/p>\n\n\n\n<figure class=\"wp-block-embed-youtube wp-block-embed is-type-video is-provider-youtube wp-embed-aspect-16-9 wp-has-aspect-ratio\"><div class=\"wp-block-embed__wrapper\">\n<div class=\"nv-iframe-embed\"><iframe loading=\"lazy\" title=\"Webinar: Linguagem e Intera\u00e7\u00f5es Discursivas no ensino de Qu\u00edmica - II EQGBI\" width=\"1200\" height=\"675\" src=\"https:\/\/www.youtube.com\/embed\/EXG1N6nbSuI?feature=oembed\" frameborder=\"0\" allow=\"accelerometer; autoplay; clipboard-write; encrypted-media; gyroscope; picture-in-picture\" allowfullscreen><\/iframe><\/div>\n<\/div><\/figure>\n\n\n\n<h3 class=\"wp-block-heading\"><a href=\"https:\/\/docs.google.com\/forms\/d\/e\/1FAIpQLScr-OtQmpQ51enDuCRBohpIaTT80g5VG8bdGiil0f-wUuhLLw\/viewform\" target=\"_blank\" rel=\"noreferrer noopener\">Assinar Lista de Presen\u00e7a<\/a><\/h3>\n\n\n\n<p><strong>15h \u2013&nbsp;Palestra<\/strong>:&nbsp;<strong>O ensino de Qu\u00edmica a partir de uma perspectiva s\u00edgnica e inclusiva<\/strong><\/p>\n\n\n\n<p><strong>Palestrante:<\/strong>&nbsp;<strong>Profa. Dra. Jomara Mendes Fernandes (UFBA)<\/strong><\/p>\n\n\n\n<figure class=\"wp-block-embed-youtube wp-block-embed is-type-video is-provider-youtube wp-embed-aspect-16-9 wp-has-aspect-ratio\"><div class=\"wp-block-embed__wrapper\">\n<div class=\"nv-iframe-embed\"><iframe loading=\"lazy\" title=\"O ensino de Qu\u00edmica a partir de uma perspectiva s\u00edgnica e inclusiva\" width=\"1200\" height=\"675\" src=\"https:\/\/www.youtube.com\/embed\/w_iYp0xkdO8?feature=oembed\" frameborder=\"0\" allow=\"accelerometer; autoplay; clipboard-write; encrypted-media; gyroscope; picture-in-picture\" allowfullscreen><\/iframe><\/div>\n<\/div><\/figure>\n\n\n\n<h3 class=\"wp-block-heading\"><a href=\"https:\/\/docs.google.com\/forms\/d\/e\/1FAIpQLSfVNDRk6wxwYJ27Cr7Sljz6l4ElESpgesLC9EvIzPEaY0-00g\/viewform\" target=\"_blank\" rel=\"noreferrer noopener\">Assinar Lista de Presen\u00e7a<\/a><\/h3>\n\n\n\n<p><strong>16h \u2013&nbsp;Webinar<\/strong>:&nbsp;<strong>An\u00e1lise Qu\u00edmica de amostras ambientais: m\u00e9todos, desafios e novas tecnologias.<\/strong><\/p>\n\n\n\n<p><strong>Palestrante:<\/strong>&nbsp;<strong>Me. Floriatan Santos Costa<\/strong><\/p>\n\n\n\n<figure class=\"wp-block-embed-youtube wp-block-embed is-type-video is-provider-youtube wp-embed-aspect-16-9 wp-has-aspect-ratio\"><div class=\"wp-block-embed__wrapper\">\n<div class=\"nv-iframe-embed\"><iframe loading=\"lazy\" title=\"An\u00e1lise Qu\u00edmica de amostras ambientais: m\u00e9todos, desafios e novas tecnologias - II EQGBI\" width=\"1200\" height=\"675\" src=\"https:\/\/www.youtube.com\/embed\/gBVPDAXmqZw?feature=oembed\" frameborder=\"0\" allow=\"accelerometer; autoplay; clipboard-write; encrypted-media; gyroscope; picture-in-picture\" allowfullscreen><\/iframe><\/div>\n<\/div><\/figure>\n\n\n\n<h3 class=\"wp-block-heading\"><a rel=\"noreferrer noopener\" href=\"https:\/\/docs.google.com\/forms\/d\/e\/1FAIpQLSfXnBI1GLJx8CB_RbdIr1O3jwhddOERM0n10Li0D4EK7768iA\/viewform\" target=\"_blank\">Assinar Lista de Presen\u00e7a<\/a><\/h3>\n\n\n\n<p><strong>17h \u2013&nbsp;Webinar: Cat\u00e1lise: fundamentos e aplica\u00e7\u00f5es<\/strong><\/p>\n\n\n\n<p><strong>Palestrante: Prof. Dr. Andr\u00e9 Rosa Martins (IFBA&nbsp;<em>campus<\/em>&nbsp;Porto Seguro)<\/strong><\/p>\n\n\n\n<figure class=\"wp-block-embed-youtube wp-block-embed is-type-video is-provider-youtube wp-embed-aspect-16-9 wp-has-aspect-ratio\"><div class=\"wp-block-embed__wrapper\">\n<div class=\"nv-iframe-embed\"><iframe loading=\"lazy\" title=\"Cat\u00e1lise: fundamentos e aplica\u00e7\u00f5es - II EQGBI\" width=\"1200\" height=\"675\" src=\"https:\/\/www.youtube.com\/embed\/rzDNtNUP_hI?feature=oembed\" frameborder=\"0\" allow=\"accelerometer; autoplay; clipboard-write; encrypted-media; gyroscope; picture-in-picture\" allowfullscreen><\/iframe><\/div>\n<\/div><\/figure>\n\n\n\n<h3 class=\"wp-block-heading\"><a href=\"https:\/\/docs.google.com\/forms\/d\/e\/1FAIpQLScvY9xWFu15ohd1NKTo0KpIeqL_gbC7Du8NTwBm9pzKhUaGAQ\/viewform\" target=\"_blank\" rel=\"noreferrer noopener\">Assinar Lista de Presen\u00e7a<\/a><\/h3>\n\n\n\n<p><strong>19h<\/strong>&nbsp;\u2013&nbsp;<strong>Palestra de Encerramento (ao vivo): Redesenhando o curr\u00edculo com metodologias ativas e modelos h\u00edbridos.<\/strong><\/p>\n\n\n\n<p><strong>Palestrante:\u00a0 Prof. Dr. Jos\u00e9 Manuel Moran (USP)<\/strong><\/p>\n\n\n\n<figure class=\"wp-block-embed-youtube wp-block-embed is-type-video is-provider-youtube wp-embed-aspect-16-9 wp-has-aspect-ratio\"><div class=\"wp-block-embed__wrapper\">\n<div class=\"nv-iframe-embed\"><iframe loading=\"lazy\" title=\"II EQGBI - Encerramento - Redesenhando o curr\u00edculo com metodologias ativas e modelos h\u00edbridos.\" width=\"1200\" height=\"675\" src=\"https:\/\/www.youtube.com\/embed\/oOav02ujSJw?feature=oembed\" frameborder=\"0\" allow=\"accelerometer; autoplay; clipboard-write; encrypted-media; gyroscope; picture-in-picture\" allowfullscreen><\/iframe><\/div>\n<\/div><\/figure>\n\n\n\n<p><\/p>\n\n\n\n<h3 class=\"wp-block-heading\"><a rel=\"noreferrer noopener\" href=\"https:\/\/docs.google.com\/forms\/d\/e\/1FAIpQLSepXdusOeHLRFLkY3UmM4_uBAFtFLr8i4ZNl_waUiEmpFELXA\/viewform\" target=\"_blank\">Assinar Lista de Presen\u00e7a<\/a><\/h3>\n","protected":false},"excerpt":{"rendered":"<p>As palestras e webinar ser\u00e3o transmitidos, no hor\u00e1rio indicado na programa\u00e7\u00e3o, pelas redes sociais do IF Baiano&nbsp;campus&nbsp;Guanambi. Acesse no dia e hor\u00e1rio indicado:&nbsp;Youtube&nbsp;https:\/\/www.youtube.com\/c\/campusguanambi\/. As palestras tamb\u00e9m ser\u00e3o disponibilizadas aqui no site nesta aba. As listas de presen\u00e7a ser\u00e3o disponibilizadas por 24h e estar\u00e3o logo abaixo de cada palestra\/webinar. 24\/11&nbsp;Ter\u00e7a-feira 13h30 \u2013 Solenidade de Abertura (ao&hellip;&nbsp;<a href=\"https:\/\/eventos.ifbaiano.edu.br\/portal\/2-encontro-quimica-guanambi\/\" rel=\"bookmark\">Continue a ler &raquo;<span class=\"screen-reader-text\">Sala do Evento<\/span><\/a><\/p>\n","protected":false},"author":48,"featured_media":0,"parent":0,"menu_order":0,"comment_status":"closed","ping_status":"closed","template":"","meta":{"neve_meta_sidebar":"full-width","neve_meta_container":"","neve_meta_enable_content_width":"on","neve_meta_content_width":58,"neve_meta_title_alignment":"","neve_meta_author_avatar":"","neve_post_elements_order":"","neve_meta_disable_header":"","neve_meta_disable_footer":"","neve_meta_disable_title":"","footnotes":""},"_links":{"self":[{"href":"https:\/\/eventos.ifbaiano.edu.br\/portal\/2-encontro-quimica-guanambi\/wp-json\/wp\/v2\/pages\/178"}],"collection":[{"href":"https:\/\/eventos.ifbaiano.edu.br\/portal\/2-encontro-quimica-guanambi\/wp-json\/wp\/v2\/pages"}],"about":[{"href":"https:\/\/eventos.ifbaiano.edu.br\/portal\/2-encontro-quimica-guanambi\/wp-json\/wp\/v2\/types\/page"}],"author":[{"embeddable":true,"href":"https:\/\/eventos.ifbaiano.edu.br\/portal\/2-encontro-quimica-guanambi\/wp-json\/wp\/v2\/users\/48"}],"replies":[{"embeddable":true,"href":"https:\/\/eventos.ifbaiano.edu.br\/portal\/2-encontro-quimica-guanambi\/wp-json\/wp\/v2\/comments?post=178"}],"version-history":[{"count":5,"href":"https:\/\/eventos.ifbaiano.edu.br\/portal\/2-encontro-quimica-guanambi\/wp-json\/wp\/v2\/pages\/178\/revisions"}],"predecessor-version":[{"id":195,"href":"https:\/\/eventos.ifbaiano.edu.br\/portal\/2-encontro-quimica-guanambi\/wp-json\/wp\/v2\/pages\/178\/revisions\/195"}],"wp:attachment":[{"href":"https:\/\/eventos.ifbaiano.edu.br\/portal\/2-encontro-quimica-guanambi\/wp-json\/wp\/v2\/media?parent=178"}],"curies":[{"name":"wp","href":"https:\/\/api.w.org\/{rel}","templated":true}]}}