{"id":154,"date":"2020-11-20T15:28:18","date_gmt":"2020-11-20T18:28:18","guid":{"rendered":"https:\/\/eventos.ifbaiano.edu.br\/portal\/2-encontro-quimica-guanambi\/?page_id=154"},"modified":"2020-11-24T21:25:16","modified_gmt":"2020-11-25T00:25:16","slug":"apresentacao-de-trabalhos","status":"publish","type":"page","link":"https:\/\/eventos.ifbaiano.edu.br\/portal\/2-encontro-quimica-guanambi\/apresentacao-de-trabalhos\/","title":{"rendered":"Apresenta\u00e7\u00e3o de trabalhos"},"content":{"rendered":"\n<h2 class=\"wp-block-heading\"><span style=\"color:#a30000\" class=\"has-inline-color\"><strong>Instru\u00e7\u00f5es!!!<\/strong><\/span><\/h2>\n\n\n\n<ul><li><span class=\"has-inline-color has-black-color\">A apresenta\u00e7\u00e3o de trabalhos ocorrer\u00e1 no dia <strong>24 de novembro \u00e0s 19 h, AO VIVO<\/strong>, por meio de salas virtuais;<\/span><\/li><li><span class=\"has-inline-color has-black-color\">Haver\u00e1 duas salas virtuais tem\u00e1ticas: \u201c<strong>SALA 1: Educa\u00e7\u00e3o em Qu\u00edmica<\/strong>\u201d e \u201c<strong>SALA 2: Qu\u00edmica e suas aplica\u00e7\u00f5es<\/strong>\u201d;<\/span><\/li><li><span class=\"has-inline-color has-black-color\">O inscrito poder\u00e1 escolher qual a sala que deseja acessar;<\/span><\/li><li><span class=\"has-inline-color has-black-color\">Os links de acesso para as salas tem\u00e1ticas ser\u00e3o disponibilizados nesta p\u00e1gina no dia 24 de novembro.<\/span><\/li><\/ul>\n\n\n\n<h2 class=\"wp-block-heading\"><strong><span class=\"has-inline-color has-black-color\">Listas dos trabalhos por salas tem\u00e1ticas<\/span><\/strong><\/h2>\n\n\n\n<ul><li><strong><span class=\"has-inline-color has-black-color\">Link para acesso \u00e0 sala 1 \u00e0s 19h: <\/span>https:\/\/meet.google.com\/bct-jxpn-xvu<\/strong><\/li><\/ul>\n\n\n\n<h3 class=\"wp-block-heading\"><span class=\"has-inline-color has-black-color\"><strong>SALA 1: Educa\u00e7\u00e3o em Qu\u00edmica &nbsp;&nbsp;&nbsp;&nbsp;&nbsp;&nbsp;&nbsp;&nbsp;&nbsp;&nbsp;&nbsp;&nbsp;&nbsp;&nbsp;&nbsp;<\/strong>Moderadora: Profa. Vaniele Souza Ribeiro<\/span><\/h3>\n\n\n\n<div class=\"wp-block-group\"><div class=\"wp-block-group__inner-container is-layout-flow wp-block-group-is-layout-flow\">\n<div class=\"wp-block-group\"><div class=\"wp-block-group__inner-container is-layout-flow wp-block-group-is-layout-flow\">\n<p><span class=\"has-inline-color has-black-color\"><strong>TEMA 02: UMA L\u00cdNGUA QUE SE V\u00ca: Encarte com sinal\u00e1rio dos materiais do laborat\u00f3rio de qu\u00edmica.<\/strong> Autores\/Institui\u00e7\u00f5es:   Rita de C\u00e1ssia Ramos Queiroz de Freitas<sup>1<\/sup>, M\u00e1rio Paz<sup>2<\/sup> \/ <sup>1<\/sup>Instituto Federal Baiano <em>Campus <\/em>Guanambi, <sup>2<\/sup>Instituto Federal do Tocantins <em>Campus <\/em>Araguatins<\/span>.<\/p>\n\n\n\n<p><span class=\"has-inline-color has-black-color\"><strong>TEMA 03:<\/strong> <strong>QU\u00cdMICA NO ENSINO M\u00c9DIO: o papel do professor na perspectiva de formar para a cidadania. <\/strong>Autores\/Institui\u00e7\u00f5es: Danilo Rafael Silva Santos<sup>1<\/sup>, Lidiane Dutra Brito<sup>2<\/sup> \/ <sup>1,2<\/sup>IFBA &#8211; Instituto Federal de Educa\u00e7\u00e3o, Ci\u00eancia e Tecnologia da Bahia Campus Vit\u00f3ria da Conquista; danilo_rafael14@hotmail.com; lidi98.brito@gmail.com <\/span><\/p>\n\n\n\n<p><span class=\"has-inline-color has-black-color\"><strong>TEMA 04:<\/strong> <strong>PANORAMA DA PRODU\u00c7\u00c3O ACAD\u00caMICA DE UMA LICENCIATURA EM QU\u00cdMICA: interfaces discursivas. <\/strong>Autores\/Institui\u00e7\u00f5es: Rita de C\u00e1ssia Ramos Queiroz de Freitas<sup>1<\/sup>, Isabela Martins Souza<sup>2<\/sup>, Jaine Costa Cruz<sup>3<\/sup>, B\u00e1rbara Katharinne Alves Borges Lessa<sup>4<\/sup> \/ <sup>1,2,3,4<\/sup> IFBaiano Campus Guanambi; ritarqfreitas@gmail.com, isabela2msouza@gmail.com, jainecruz06@gmail.com, barbara.lessa@ifbaiano.edu.br.<\/span><\/p>\n\n\n\n<p><span class=\"has-inline-color has-black-color\"><strong>TEMA 05:<\/strong> <strong>CARACTERIZA\u00c7\u00c3O DO CONSELHO DE CLASSE EM UMA ESCOLA P\u00daBLICA DE GUANAMBI-BA: caminhos para uma gest\u00e3o democr\u00e1tica. <\/strong>Autores\/Institui\u00e7\u00f5es: Matheus dos Santos Rocha<sup>1<\/sup>, Caroline Reis Teixeira<sup>2<\/sup>, Mateus Lima Coutinho\u00b3, Paulo Henrique Brito Figueiredo<sup>4<\/sup>, Catarina Alves Malheiros<sup>5 <\/sup> \/&nbsp;<sup>1,2,3,4,5<\/sup> Instituto Federal de Educa\u00e7\u00e3o, Ci\u00eancia e Tecnologia Baiano Campus Guanambi; matheusrocha.cba1234@gmail.com, carolinereis-@outlook.com, teulimma@gmail.com, pauloaj50@gmail.com, catems14@gmail.com. &nbsp;<\/span><\/p>\n\n\n\n<p><strong>T<\/strong><span class=\"has-inline-color has-black-color\"><strong>EMA 06:<\/strong> <strong>DESAFIOS PARA A FORMA\u00c7\u00c3O DOCENTE EM QU\u00cdMICA DO IFBAIANO CAMPUS GUANAMBI NO CONTEXTO PANDEMIA DE COVID-19<\/strong>. Autores\/Institui\u00e7\u00f5es:<strong> <\/strong>Mateus Lima Coutinho<sup>1<\/sup>, Bruna Patricia Mendes de Jesus Souza<sup>2<\/sup> , Maicon Donato Cardoso<sup>3<\/sup>, Matheus dos Santos Rocha<sup>4<\/sup>, Paulo Henrique Brito Figueiredo<sup>5  <\/sup>\/<sup> 12,3,4,5<\/sup>Instituto Federal de Educa\u00e7\u00e3o, Ci\u00eancia e Tecnologia Baiano Campus Guanambi; teulimma@gmail.com,  brunamph5@gmail.com, maicon.d.cardoso@hotmail.com, matheusrocha.cba1234@gmail.com, &nbsp;pauloaj50@gmail.com.<\/span><\/p>\n\n\n\n<p><span class=\"has-inline-color has-black-color\"><strong>TEMA 07:<\/strong> <strong>AS CONTRIBUI\u00c7\u00d5ES DO EST\u00c1GIO SUPERVISIONADO II NA FORMA\u00c7\u00c3O DO LICENCIADO EM QU\u00cdMICA: m\u00e9todos, desafios e novas metodologias<\/strong> Autores\/Institui\u00e7\u00f5es:<strong> &nbsp;<\/strong>Lidiane Dutra Brito<sup>1<\/sup>, Danilo Rafael Silva Santos <sup>2 <\/sup>\/ <sup>1,2<\/sup>IFBA &#8211; Instituto Federal de Educa\u00e7\u00e3o, Ci\u00eancia e Tecnologia da Bahia Campus Vit\u00f3ria da Conquista; lidi98.brito@gmail.com, danilo_rafael14@hotmail.com.<\/span><\/p>\n\n\n\n<p><span class=\"has-inline-color has-black-color\"><strong>TEMA 14:<\/strong> <strong>DESAFIOS PEDAG\u00d3GIGO-ESTRUTURAIS NO CURSO DE LICENCIATURA. <\/strong>Autores\/Institui\u00e7\u00f5es:<strong> &nbsp;<\/strong>Apoliane Couto Nogueira\u00b9, Priscila Lopes Fernandes\u00b2, S\u00edlvia Cl\u00e1udia Marques Lima\u00b3 \/ \u00b9<sup>,<\/sup>\u00b2<sup>,<\/sup>\u00b3Instituto Federal de Educa\u00e7\u00e3o, Ci\u00eancia e Tecnologia Baiano Campus Guanambi; apoliane.pma2015@gmail.com\u00b9, priscilaalopes@hotmail.com\u00b2, silvia.lima@ifbaiano.edu.br\u00b3<\/span>.<\/p>\n<\/div><\/div>\n<\/div><\/div>\n\n\n\n<h3 class=\"wp-block-heading\"><span class=\"has-inline-color has-black-color\"><strong>SALA 2: Qu\u00edmica e suas aplica\u00e7\u00f5es &nbsp;&nbsp;&nbsp;&nbsp;&nbsp;&nbsp;&nbsp;&nbsp;&nbsp;<\/strong>Moderadora: Profa. Ludimila Thayane Paes Silva<\/span><\/h3>\n\n\n\n<ul><li><span class=\"has-inline-color has-black-color\"><strong>Link para acesso \u00e0 sala 2 \u00e0s 19h: https:\/\/meet.google.com\/hrf-hjfz-rdj<\/strong><\/span><\/li><\/ul>\n\n\n\n<p><span class=\"has-inline-color has-black-color\"><strong>TEMA 08: AVALIA\u00c7\u00c3O DA QUALIDADE DAS \u00c1GUAS DOS BEBEDOUROS DE UMA INSTITUI\u00c7\u00c3O DE ENSINO DE GUANAMBI-BA.<\/strong><\/span> <span class=\"has-inline-color has-black-color\">Autores\/Institui\u00e7\u00f5es:<strong> &nbsp;<\/strong>Wesley Vieira Ferreira<sup>1<\/sup>, Lincon Almeida Vilas Boas<sup>2 <\/sup> \/&nbsp;<sup>1<\/sup>Col\u00e9gio Estadual de Barreirinhas \u2013 Barreiras-BA, veieiraw82@gmail.com; <sup>2<\/sup>Instituto Federal do Espirito Santo Campus Montanha-ES, lincon.vilas@ifes.edu.br.<\/span><\/p>\n\n\n\n<p><span class=\"has-inline-color has-black-color\"><strong>TEMA 09: FABRICAC\u00c3O DE SAB\u00c3O ARTESANAL: A IMPORT\u00c2NCIA DA REUTILIZAC\u00c3O DO \u00d3LEO DOM\u00c9STICO<\/strong>. Autores\/Institui\u00e7\u00f5es: &nbsp;\u00c9rica Sandy Rocha de Almeida<sup>1<\/sup>, J\u00e9ssica Souza Coqueiro<sup>2<\/sup>, Eleidervan da Silva Castro<sup>3<\/sup>, Luzia Almeida Couto \/ <sup>4 1,2,3,4<\/sup>Instituto Federal de Educa\u00e7\u00e3o, Ci\u00eancia e Tecnologia Baiano Campus Guanambi; sandy_cbasp18@hotmail.com, je.coqueiro98@gmail.com,&nbsp; leicastro2010@gmail.com, almeidacouto.luzia78@gmail.com.<\/span><\/p>\n\n\n\n<p><span class=\"has-inline-color has-black-color\"><strong>TEMA 10: PROPRIEDADES BIOL\u00d3GICAS DA ESPINHEIRA-SANTA (Maytenus ilicifolia Mart. ex Reissek) E SEUS CONSTITUINTES QU\u00cdMICOS: REVIS\u00c3O DE LITERATURA. <\/strong>Autores\/Institui\u00e7\u00f5es:<strong> &nbsp;<\/strong>Iann Lucas Lago e Silva Mascarenhas<sup>1<\/sup>, Alessandra da Silva Guedes<sup>2<\/sup> \/&nbsp;<sup>1<\/sup>Discente de Licenciatura em Qu\u00edmica (UESC) e Farm\u00e1cia (UniFTC), iannlucas53@gmail.com; &nbsp;<sup>2<\/sup>Docente nos cursos de Farm\u00e1cia (UNEB e UniFTC), aguedes2656@gmail.com.<\/span><\/p>\n\n\n\n<p><span class=\"has-inline-color has-black-color\"><strong>TEMA 11: DEGRADA\u00c7\u00c3O FOTOCATAL\u00cdTICA DO CORANTE ALIMENT\u00cdCIO PONCEAU 4R<\/strong>. Autores\/Institui\u00e7\u00f5es:<strong> <\/strong>Mateus de Paula Alves Fid\u00e9lis<sup>1<\/sup>, Cristopher Adan Marinho da Silva<sup>2<\/sup>, Mariane Silva Lopes<sup>3<\/sup>, Paulo Ricardo Honorio Meneses<sup>4<\/sup>, Lidiaine Maria dos Santos<sup>5<\/sup> \/ <sup>1,2,3,4,5<\/sup>Instituto Federal de Educa\u00e7\u00e3o, Ci\u00eancia e Tecnologia de Goi\u00e1s, Urua\u00e7u; mateus.fidelis@academico.ifg.edu, cristopher.211@hotmail.com, mariane.silva@academico.ifg,edu.br, p.honorio@academico.ifg.edu.br, <a href=\"mailto:lidiaine.santos@ifg.edu.br\">l<\/a>idiaine.santos@ifg.edu.br.<\/span><\/p>\n\n\n\n<p><span class=\"has-inline-color has-black-color\"><strong>TEMA 12: ESTIMATIVA TE\u00d3RICA DO CALOR DE FORMA\u00c7\u00c3O DE ESP\u00c9CIES RO. E ROH<\/strong>. Autores\/Institui\u00e7\u00f5es:<strong> <\/strong>Fabr\u00edcio M. Miranda<sup>1<\/sup>, Jaime Dias da Silva Filho<sup>2<\/sup>, Luiz Augusto Gesteira de Souza<sup>2<\/sup>\/ &nbsp;<sup>1,2,3<\/sup>Universidade Estadual do Sudoeste da Bahia <em>Campus <\/em>Jequi\u00e9; fabriquimico@yahoo.com, jaimedyas@gmail.com, metilenator@gmail.com.<\/span><\/p>\n\n\n\n<p><span class=\"has-inline-color has-black-color\"><strong>TEMA 13: ESTIMATIVA TE\u00d3RICA DO pKa DE \u00c1CIDOS ORG\u00c2NICOS FRACOS<\/strong>. Autores\/Institui\u00e7\u00f5es: <strong>&nbsp;<\/strong>Jaime Dias da Silva Filho<sup>1<\/sup>, Fabr\u00edcio M. Miranda<sup>2<\/sup>, Luiz Augusto Gesteira de Souza<sup>3<\/sup> \/ <sup>1,2,3<\/sup> Universidade Estadual do Sudoeste da Bahia <em>Campus Jequi\u00e9<\/em>; jaimedyas@gmail.com, fabriquimico@yahoo.com.br, metilenator@gmail.com<\/span>.<\/p>\n","protected":false},"excerpt":{"rendered":"<p>Instru\u00e7\u00f5es!!! A apresenta\u00e7\u00e3o de trabalhos ocorrer\u00e1 no dia 24 de novembro \u00e0s 19 h, AO VIVO, por meio de salas virtuais; Haver\u00e1 duas salas virtuais tem\u00e1ticas: \u201cSALA 1: Educa\u00e7\u00e3o em Qu\u00edmica\u201d e \u201cSALA 2: Qu\u00edmica e suas aplica\u00e7\u00f5es\u201d; O inscrito poder\u00e1 escolher qual a sala que deseja acessar; Os links de acesso para as salas&hellip;&nbsp;<a href=\"https:\/\/eventos.ifbaiano.edu.br\/portal\/2-encontro-quimica-guanambi\/apresentacao-de-trabalhos\/\" rel=\"bookmark\">Continue a ler &raquo;<span class=\"screen-reader-text\">Apresenta\u00e7\u00e3o de trabalhos<\/span><\/a><\/p>\n","protected":false},"author":67,"featured_media":0,"parent":0,"menu_order":0,"comment_status":"closed","ping_status":"closed","template":"","meta":{"neve_meta_sidebar":"full-width","neve_meta_container":"","neve_meta_enable_content_width":"on","neve_meta_content_width":100,"neve_meta_title_alignment":"","neve_meta_author_avatar":"","neve_post_elements_order":"","neve_meta_disable_header":"","neve_meta_disable_footer":"","neve_meta_disable_title":"","footnotes":""},"_links":{"self":[{"href":"https:\/\/eventos.ifbaiano.edu.br\/portal\/2-encontro-quimica-guanambi\/wp-json\/wp\/v2\/pages\/154"}],"collection":[{"href":"https:\/\/eventos.ifbaiano.edu.br\/portal\/2-encontro-quimica-guanambi\/wp-json\/wp\/v2\/pages"}],"about":[{"href":"https:\/\/eventos.ifbaiano.edu.br\/portal\/2-encontro-quimica-guanambi\/wp-json\/wp\/v2\/types\/page"}],"author":[{"embeddable":true,"href":"https:\/\/eventos.ifbaiano.edu.br\/portal\/2-encontro-quimica-guanambi\/wp-json\/wp\/v2\/users\/67"}],"replies":[{"embeddable":true,"href":"https:\/\/eventos.ifbaiano.edu.br\/portal\/2-encontro-quimica-guanambi\/wp-json\/wp\/v2\/comments?post=154"}],"version-history":[{"count":7,"href":"https:\/\/eventos.ifbaiano.edu.br\/portal\/2-encontro-quimica-guanambi\/wp-json\/wp\/v2\/pages\/154\/revisions"}],"predecessor-version":[{"id":193,"href":"https:\/\/eventos.ifbaiano.edu.br\/portal\/2-encontro-quimica-guanambi\/wp-json\/wp\/v2\/pages\/154\/revisions\/193"}],"wp:attachment":[{"href":"https:\/\/eventos.ifbaiano.edu.br\/portal\/2-encontro-quimica-guanambi\/wp-json\/wp\/v2\/media?parent=154"}],"curies":[{"name":"wp","href":"https:\/\/api.w.org\/{rel}","templated":true}]}}