{"id":14,"date":"2020-09-01T15:55:04","date_gmt":"2020-09-01T18:55:04","guid":{"rendered":"https:\/\/eventos.ifbaiano.edu.br\/portal\/2-encontro-quimica-guanambi\/?page_id=14"},"modified":"2020-11-24T11:41:53","modified_gmt":"2020-11-24T14:41:53","slug":"pagina-inicial","status":"publish","type":"page","link":"https:\/\/eventos.ifbaiano.edu.br\/portal\/2-encontro-quimica-guanambi\/pagina-inicial\/","title":{"rendered":"O Evento"},"content":{"rendered":"\n<h2 class=\"wp-block-heading\"><strong>Encontro online nos dias 24 e 25 de novembro de 2020<\/strong><\/h2>\n\n\n\n<h3 class=\"wp-block-heading\"><strong><span style=\"color:#fd1509\" class=\"has-inline-color\">Aten\u00e7\u00e3o!<\/span><\/strong><\/h3>\n\n\n\n<ul><li><span class=\"has-inline-color has-black-color\"><strong>As palestras e webinar ser\u00e3o transmitidos, no hor\u00e1rio indicado na programa\u00e7\u00e3o, pelas redes sociais do IF Baiano <em>campus<\/em> Guanambi.&nbsp;Acesse no dia e hor\u00e1rio indicado: Instagram<\/strong>&nbsp;<a href=\"https:\/\/www.instagram.com\/ifbaianoguanambi\/\">https:\/\/www.instagram.com\/ifbaianoguanambi\/<\/a>&nbsp;<strong>ou Youtube<\/strong>&nbsp;<a href=\"https:\/\/www.youtube.com\/c\/campusguanambi\/\">https:\/\/www.youtube.com\/c\/campusguanambi\/<\/a><\/span>.<\/li><li><span class=\"has-inline-color has-black-color\"><strong>As palestras tamb\u00e9m ser\u00e3o disponibilizadas aqui no site na aba programa\u00e7\u00e3o.<\/strong><\/span><\/li><li><span class=\"has-inline-color has-black-color\"><strong>As listas de presen\u00e7a ser\u00e3o disponibilizadas por 24h aqui no site e estar\u00e3o na aba programa\u00e7\u00e3o, logo abaixo de cada palestra\/webinar.<\/strong> <strong>Confira toda a programa\u00e7\u00e3o em: <\/strong><\/span><a href=\"https:\/\/eventos.ifbaiano.edu.br\/portal\/2-encontro-quimica-guanambi\/programacao\/\">https:\/\/eventos.ifbaiano.edu.br\/portal\/2-encontro-quimica-guanambi\/programacao\/<\/a>.<\/li><li><strong><span class=\"has-inline-color has-black-color\">Para informa\u00e7\u00f5es sobre a apresenta\u00e7\u00e3o de trabalhos acesse: <\/span><\/strong><span class=\"has-inline-color has-black-color\"><a href=\"https:\/\/eventos.ifbaiano.edu.br\/portal\/2-encontro-quimica-guanambi\/apresentacao-de-trabalhos\/\">https:\/\/eventos.ifbaiano.edu.br\/portal\/2-encontro-quimica-guanambi\/apresentacao-de-trabalhos\/<\/a><\/span>.<\/li><\/ul>\n\n\n\n<p><strong>SOBRE O <\/strong><strong>EQGbi<\/strong><\/p>\n\n\n\n<p>O\nEncontro de Qu\u00edmica do IFBaiano <em>campus<\/em>\nGuanambi (EQGbi)\nsurgiu da motiva\u00e7\u00e3o dos professores do Colegiado do curso de Licenciatura em\nQu\u00edmica em promover um encontro entre estudantes e pesquisadores da \u00e1rea que\npossibilitasse a intera\u00e7\u00e3o e troca de experi\u00eancias entre os participantes, bem\ncomo a amplia\u00e7\u00e3o do conhecimento em Qu\u00edmica e \u00e1reas afins, levando em\nconsidera\u00e7\u00e3o os\npilares indissoci\u00e1veis\nda Institui\u00e7\u00e3o de Ensino Superior: Ensino, Pesquisa e Extens\u00e3o, respons\u00e1veis\npor produzir e sistematizar a aprendizagem. <\/p>\n\n\n\n<p>A primeira edi\u00e7\u00e3o do EQGbi ocorreu nos dias 11 a 13 de novembro de 2019, contando com a participa\u00e7\u00e3o de v\u00e1rios servidores e discentes da institui\u00e7\u00e3o, egressos do curso de Licenciatura em Qu\u00edmica e docentes de v\u00e1rias institui\u00e7\u00f5es de ensino, com cerca de 160 inscritos.&nbsp; <\/p>\n\n\n\n<p><strong>EQGbi<\/strong><strong> EDI\u00c7\u00c3O 2020<\/strong><\/p>\n\n\n\n<p>A proposta\nda\nsegunda edi\u00e7\u00e3o do EQGbi&nbsp; \u00e9 dar continuidade ao projeto e ampliar\na\ndivulga\u00e7\u00e3o desse, possibilitando a participa\u00e7\u00e3o de mais estudantes e\npesquisadores da \u00e1rea de Qu\u00edmica e \u00e1reas afins de diversas institui\u00e7\u00f5es de\nensino. <\/p>\n\n\n\n<p>Devido \u00e0 pandemia e impossibilidade do encontro presencial, na edi\u00e7\u00e3o 2020, o encontro acontecer\u00e1 no formato online, nos dias <strong>24 e 25 de novembro<\/strong>, com abertura e encerramento ao vivo. A programa\u00e7\u00e3o do evento compreende palestras, webinar (minicursos) e apresenta\u00e7\u00e3o de trabalhos. As inscri\u00e7\u00f5es estar\u00e3o abertas de <strong>01 de outubro a 09 de novembro de 2020. A data da inscri\u00e7\u00e3o para a submiss\u00e3o de trabalhos foi prorrogada at\u00e9 o dia 31 de outubro de 2020.<\/strong><\/p>\n\n\n\n<p>Neste contexto, espera-se difundir o conhecimento e as produ\u00e7\u00f5es acad\u00eamicas da \u00e1rea de Qu\u00edmica, bem como apresentar e discutir os temas relevantes da ci\u00eancia, no ensino e na pesquisa, na Bahia e no Brasil, tendo em vista o nosso atual cen\u00e1rio global. <br><br><em>Comiss\u00e3o Organizadora<\/em><\/p>\n\n\n\n<p><strong>P\u00fablico-alvo:<\/strong> estudantes de gradua\u00e7\u00e3o, especializa\u00e7\u00e3o, mestrado e doutorado, professores, pesquisadores e profissionais da \u00e1rea da Qu\u00edmica e \u00e1reas afins. <\/p>\n\n\n\n<figure class=\"wp-block-embed-youtube wp-block-embed is-type-video is-provider-youtube wp-embed-aspect-16-9 wp-has-aspect-ratio\"><div class=\"wp-block-embed__wrapper\">\n<div class=\"nv-iframe-embed\"><iframe loading=\"lazy\" title=\"II EQGbi - v\u00eddeo de divulga\u00e7\u00e3o do evento\" width=\"1200\" height=\"675\" src=\"https:\/\/www.youtube.com\/embed\/gCrZz1wBj-Y?feature=oembed\" frameborder=\"0\" allow=\"accelerometer; autoplay; clipboard-write; encrypted-media; gyroscope; picture-in-picture\" allowfullscreen><\/iframe><\/div>\n<\/div><\/figure>\n\n\n\n<figure class=\"wp-block-embed-youtube wp-block-embed is-type-video is-provider-youtube wp-embed-aspect-16-9 wp-has-aspect-ratio\"><div class=\"wp-block-embed__wrapper\">\n<div class=\"nv-iframe-embed\"><iframe loading=\"lazy\" title=\"II EQGbi - Dr. M\u00e1rio S\u00e9rgio de Oliveira Paz\" width=\"1200\" height=\"675\" src=\"https:\/\/www.youtube.com\/embed\/vmfI0chkAPg?feature=oembed\" frameborder=\"0\" allow=\"accelerometer; autoplay; clipboard-write; encrypted-media; gyroscope; picture-in-picture\" allowfullscreen><\/iframe><\/div>\n<\/div><\/figure>\n\n\n\n<figure class=\"wp-block-embed-youtube wp-block-embed is-type-video is-provider-youtube wp-embed-aspect-16-9 wp-has-aspect-ratio\"><div class=\"wp-block-embed__wrapper\">\n<div class=\"nv-iframe-embed\"><iframe loading=\"lazy\" title=\"II EQGbi - Prof. Dr. Rafael Gomes da Silveira\" width=\"1200\" height=\"675\" src=\"https:\/\/www.youtube.com\/embed\/pfFrHtfslBk?feature=oembed\" frameborder=\"0\" allow=\"accelerometer; autoplay; clipboard-write; encrypted-media; gyroscope; picture-in-picture\" allowfullscreen><\/iframe><\/div>\n<\/div><\/figure>\n\n\n\n<figure class=\"wp-block-embed-youtube wp-block-embed is-type-video is-provider-youtube wp-embed-aspect-16-9 wp-has-aspect-ratio\"><div class=\"wp-block-embed__wrapper\">\n<div class=\"nv-iframe-embed\"><iframe loading=\"lazy\" title=\"II EQGbi - Prof. Dr. Bruno Ferreira dos Santos\" width=\"1200\" height=\"675\" src=\"https:\/\/www.youtube.com\/embed\/7T0cv-ouO_c?feature=oembed\" frameborder=\"0\" allow=\"accelerometer; autoplay; clipboard-write; encrypted-media; gyroscope; picture-in-picture\" allowfullscreen><\/iframe><\/div>\n<\/div><\/figure>\n\n\n\n<figure class=\"wp-block-embed-youtube wp-block-embed is-type-video is-provider-youtube wp-embed-aspect-16-9 wp-has-aspect-ratio\"><div class=\"wp-block-embed__wrapper\">\n<div class=\"nv-iframe-embed\"><iframe loading=\"lazy\" title=\"II EQGBI - Profa. Ma. Marciana Benevides da Silva\" width=\"1200\" height=\"675\" src=\"https:\/\/www.youtube.com\/embed\/k6GUxnzXzdE?feature=oembed\" frameborder=\"0\" allow=\"accelerometer; autoplay; clipboard-write; encrypted-media; gyroscope; picture-in-picture\" allowfullscreen><\/iframe><\/div>\n<\/div><\/figure>\n","protected":false},"excerpt":{"rendered":"<p>Encontro online nos dias 24 e 25 de novembro de 2020 Aten\u00e7\u00e3o! As palestras e webinar ser\u00e3o transmitidos, no hor\u00e1rio indicado na programa\u00e7\u00e3o, pelas redes sociais do IF Baiano campus Guanambi.&nbsp;Acesse no dia e hor\u00e1rio indicado: Instagram&nbsp;https:\/\/www.instagram.com\/ifbaianoguanambi\/&nbsp;ou Youtube&nbsp;https:\/\/www.youtube.com\/c\/campusguanambi\/. As palestras tamb\u00e9m ser\u00e3o disponibilizadas aqui no site na aba programa\u00e7\u00e3o. As listas de presen\u00e7a ser\u00e3o disponibilizadas&hellip;&nbsp;<a href=\"https:\/\/eventos.ifbaiano.edu.br\/portal\/2-encontro-quimica-guanambi\/pagina-inicial\/\" rel=\"bookmark\">Continue a ler &raquo;<span class=\"screen-reader-text\">O Evento<\/span><\/a><\/p>\n","protected":false},"author":20,"featured_media":0,"parent":0,"menu_order":0,"comment_status":"closed","ping_status":"closed","template":"","meta":{"neve_meta_sidebar":"","neve_meta_container":"","neve_meta_enable_content_width":"off","neve_meta_content_width":0,"neve_meta_title_alignment":"","neve_meta_author_avatar":"","neve_post_elements_order":"","neve_meta_disable_header":"","neve_meta_disable_footer":"","neve_meta_disable_title":"on","footnotes":""},"_links":{"self":[{"href":"https:\/\/eventos.ifbaiano.edu.br\/portal\/2-encontro-quimica-guanambi\/wp-json\/wp\/v2\/pages\/14"}],"collection":[{"href":"https:\/\/eventos.ifbaiano.edu.br\/portal\/2-encontro-quimica-guanambi\/wp-json\/wp\/v2\/pages"}],"about":[{"href":"https:\/\/eventos.ifbaiano.edu.br\/portal\/2-encontro-quimica-guanambi\/wp-json\/wp\/v2\/types\/page"}],"author":[{"embeddable":true,"href":"https:\/\/eventos.ifbaiano.edu.br\/portal\/2-encontro-quimica-guanambi\/wp-json\/wp\/v2\/users\/20"}],"replies":[{"embeddable":true,"href":"https:\/\/eventos.ifbaiano.edu.br\/portal\/2-encontro-quimica-guanambi\/wp-json\/wp\/v2\/comments?post=14"}],"version-history":[{"count":11,"href":"https:\/\/eventos.ifbaiano.edu.br\/portal\/2-encontro-quimica-guanambi\/wp-json\/wp\/v2\/pages\/14\/revisions"}],"predecessor-version":[{"id":185,"href":"https:\/\/eventos.ifbaiano.edu.br\/portal\/2-encontro-quimica-guanambi\/wp-json\/wp\/v2\/pages\/14\/revisions\/185"}],"wp:attachment":[{"href":"https:\/\/eventos.ifbaiano.edu.br\/portal\/2-encontro-quimica-guanambi\/wp-json\/wp\/v2\/media?parent=14"}],"curies":[{"name":"wp","href":"https:\/\/api.w.org\/{rel}","templated":true}]}}