{"id":11,"date":"2018-10-11T01:35:29","date_gmt":"2018-10-11T04:35:29","guid":{"rendered":"http:\/\/eventos.ifbaiano.edu.br\/portal\/1vila-ciencia-guanambi\/?page_id=11"},"modified":"2018-10-11T01:49:16","modified_gmt":"2018-10-11T04:49:16","slug":"caravanas","status":"publish","type":"page","link":"https:\/\/eventos.ifbaiano.edu.br\/portal\/1vila-ciencia-guanambi\/caravanas\/","title":{"rendered":"O Evento"},"content":{"rendered":"<p style=\"text-align: justify\"><strong>Apresenta\u00e7\u00e3o<\/strong><\/p>\n<p style=\"text-align: justify\">A\u00a0I Vila da Ci\u00eancia do Instituto Federal Baiano \u2013 <i>Campus <\/i>Guanambi tem como objetivo\u00a0apresentar\u00a0aos estudantes\u00a0e comunidades dos munic\u00edpios da regi\u00e3o de Guanambi,\u00a0projetos cient\u00edficos, culturais e tecnol\u00f3gicos desenvolvidos na Institui\u00e7\u00e3o, criando um espa\u00e7o\/tempo para a melhoria e\/ou amplia\u00e7\u00e3o das pr\u00e1ticas de ci\u00eancias e tecnologias na regi\u00e3o.<\/p>\n<p style=\"text-align: justify\">O evento tamb\u00e9m pretende estimular a pr\u00e1tica da ci\u00eancia de modo a propiciar o desenvolvimento do esp\u00edrito reflexivo, compet\u00eancias fundamentais para uma inser\u00e7\u00e3o cr\u00edtica na sociedade. Proporcionar aos educadores meios, tempo e espa\u00e7o para o desenvolvimento do trabalho pedag\u00f3gico que promova a constru\u00e7\u00e3o do conhecimento de forma interativa que desperte o centro de interesses dos estudantes. E tamb\u00e9m oportunizar aos estudantes a apresenta\u00e7\u00e3o de trabalhos das diversas \u00e1reas do conhecimento (Ci\u00eancias da Natureza e suas Tecnologias, Matem\u00e1tica e suas Tecnologias, entre outras), respeitando e valorizando a troca de experi\u00eancias cient\u00edficas desenvolvidos no IF Baiano e regi\u00e3o.<\/p>\n<p style=\"text-align: justify\"><strong>Comiss\u00e3o Organizadora<\/strong><\/p>\n","protected":false},"excerpt":{"rendered":"<p>Apresenta\u00e7\u00e3o A\u00a0I Vila da Ci\u00eancia do Instituto Federal Baiano \u2013 Campus Guanambi tem como objetivo\u00a0apresentar\u00a0aos estudantes\u00a0e comunidades dos munic\u00edpios da regi\u00e3o de Guanambi,\u00a0projetos cient\u00edficos, culturais e tecnol\u00f3gicos desenvolvidos na Institui\u00e7\u00e3o, criando um espa\u00e7o\/tempo para a melhoria e\/ou amplia\u00e7\u00e3o das pr\u00e1ticas de ci\u00eancias e tecnologias na regi\u00e3o. O evento tamb\u00e9m pretende estimular a pr\u00e1tica da ci\u00eancia&hellip;&nbsp;<a href=\"https:\/\/eventos.ifbaiano.edu.br\/portal\/1vila-ciencia-guanambi\/caravanas\/\" rel=\"bookmark\"><span class=\"screen-reader-text\">O Evento<\/span><\/a><\/p>\n","protected":false},"author":48,"featured_media":0,"parent":0,"menu_order":0,"comment_status":"closed","ping_status":"closed","template":"","meta":{"neve_meta_sidebar":"","neve_meta_container":"","neve_meta_enable_content_width":"","neve_meta_content_width":0,"neve_meta_title_alignment":"","neve_meta_author_avatar":"","neve_post_elements_order":"","neve_meta_disable_header":"","neve_meta_disable_footer":"","neve_meta_disable_title":"","footnotes":""},"_links":{"self":[{"href":"https:\/\/eventos.ifbaiano.edu.br\/portal\/1vila-ciencia-guanambi\/wp-json\/wp\/v2\/pages\/11"}],"collection":[{"href":"https:\/\/eventos.ifbaiano.edu.br\/portal\/1vila-ciencia-guanambi\/wp-json\/wp\/v2\/pages"}],"about":[{"href":"https:\/\/eventos.ifbaiano.edu.br\/portal\/1vila-ciencia-guanambi\/wp-json\/wp\/v2\/types\/page"}],"author":[{"embeddable":true,"href":"https:\/\/eventos.ifbaiano.edu.br\/portal\/1vila-ciencia-guanambi\/wp-json\/wp\/v2\/users\/48"}],"replies":[{"embeddable":true,"href":"https:\/\/eventos.ifbaiano.edu.br\/portal\/1vila-ciencia-guanambi\/wp-json\/wp\/v2\/comments?post=11"}],"version-history":[{"count":4,"href":"https:\/\/eventos.ifbaiano.edu.br\/portal\/1vila-ciencia-guanambi\/wp-json\/wp\/v2\/pages\/11\/revisions"}],"predecessor-version":[{"id":24,"href":"https:\/\/eventos.ifbaiano.edu.br\/portal\/1vila-ciencia-guanambi\/wp-json\/wp\/v2\/pages\/11\/revisions\/24"}],"wp:attachment":[{"href":"https:\/\/eventos.ifbaiano.edu.br\/portal\/1vila-ciencia-guanambi\/wp-json\/wp\/v2\/media?parent=11"}],"curies":[{"name":"wp","href":"https:\/\/api.w.org\/{rel}","templated":true}]}}