{"id":5,"date":"2021-03-25T13:12:09","date_gmt":"2021-03-25T16:12:09","guid":{"rendered":"https:\/\/eventos.ifbaiano.edu.br\/portal\/1seminario-ciencias-ambientais-serrinha\/?page_id=5"},"modified":"2021-04-26T16:36:22","modified_gmt":"2021-04-26T19:36:22","slug":"pagina-inicial","status":"publish","type":"page","link":"https:\/\/eventos.ifbaiano.edu.br\/portal\/1seminario-ciencias-ambientais-serrinha\/","title":{"rendered":"P\u00e1gina inicial"},"content":{"rendered":"\n<p><\/p>\n\n\n\n<div style=\"height:40px\" aria-hidden=\"true\" class=\"wp-block-spacer\"><\/div>\n\n\n\n<p><strong>APRESENTA\u00c7\u00c3O<\/strong><\/p>\n\n\n\n<p>O atual cen\u00e1rio de pandemia causado pelo novo coronav\u00edrus, provocou in\u00fameras mudan\u00e7as de h\u00e1bitos e atitudes em nosso cotidiano. O distanciamento, necess\u00e1rio, trouxe desafios inclusive no \u00e2mbito educacional exigindo de cada um de n\u00f3s habilidades para a comunica\u00e7\u00e3o com as ferramentas tecnol\u00f3gicas. Diante deste panorama, a Educa\u00e7\u00e3o se reinventou, inovou e tem oportunizado encontros acad\u00eamicos diversos. Neste novo tempo em que as dist\u00e2ncias se encurtam nas plataformas digitais, os estudantes de n\u00edvel m\u00e9dio e t\u00e9cnico, gradua\u00e7\u00e3o e p\u00f3s-gradua\u00e7\u00e3o do IF Baiano, al\u00e9m de institui\u00e7\u00f5es parceiras t\u00eam compartilhado suas viv\u00eancias e experi\u00eancias cient\u00edficas.<\/p>\n\n\n\n<p>O I Semin\u00e1rio de P\u00f3s-Gradua\u00e7\u00e3o \u00e9 um evento desenvolvido com o prop\u00f3sito de aproximar o debate em torno da tem\u00e1tica ambiental e divulgar amplamente a ci\u00eancia. Ser\u00e1 realizado nos dias 26 a 28\/04\/2021 no formato on-line, atrav\u00e9s do canal do YouTube, do <em>Campus<\/em> Serrinha. A finalidade do evento \u00e9 promover de forma din\u00e2mica, a discuss\u00e3o e intera\u00e7\u00e3o entre os participantes a partir da tem\u00e1tica \u201ctecnologias ambientais em tempos de pandemia\u201d. No intuito, de realizarmos uma abordagem interdisciplinar, inclui-se nessa abordagem diversos eixos, como: produ\u00e7\u00e3o alimentar, conserva\u00e7\u00e3o dos recursos naturais, tecnologias socioambientais e a\u00e7\u00f5es educacionais e meio ambiente. Dessa forma, o evento possibilitar\u00e1 o compartilhamento de informa\u00e7\u00f5es e experi\u00eancias contribuindo para a amplia\u00e7\u00e3o do conhecimento aplicado nas diversas \u00e1reas.<\/p>\n\n\n\n<p>A organiza\u00e7\u00e3o do I Semin\u00e1rio de P\u00f3s-Gradua\u00e7\u00e3o \u00e9 de responsabilidade da 1\u00aa turma do Mestrado Profissional em Ci\u00eancias ambientais (MPCA) do IF Baiano, Campus Serrinha, com sua primeira edi\u00e7\u00e3o em 2021 e se caracteriza como um evento que proporcionar\u00e1 v\u00ednculos entre estudantes de p\u00f3s-gradua\u00e7\u00e3o do programa, a comunidade cient\u00edfica em geral e demais institui\u00e7\u00f5es parceiras.<\/p>\n\n\n\n<p>Deste modo, voc\u00ea \u00e9 nossa\/o convidada\/o a compartilhar experi\u00eancias cient\u00edficas e conhecimentos de forma a contribuir para o desenvolvimento de tecnologias que possibilitem uma conviv\u00eancia de respeito e equil\u00edbrio com todos e com o meio ambiente, haja vista que o momento pand\u00eamico nos exige isso.<\/p>\n\n\n\n<p><a href=\"https:\/\/www.youtube.com\/channel\/UCWk3Tu4GWK93B_Jl1Ug3ZQQ\" target=\"_blank\" rel=\"noreferrer noopener\"><strong>Acompanhe o evento clicando no link do canal do YouTube: <\/strong>https:\/\/www.youtube.com\/channel\/UCWk3Tu4GWK93B_Jl1Ug3ZQQ<\/a><\/p>\n\n\n\n<hr class=\"wp-block-separator is-style-wide\" \/>\n\n\n\n<p class=\"has-text-align-center\">PARCEIROS<\/p>\n\n\n\n<div class=\"wp-block-columns is-layout-flex wp-container-core-columns-is-layout-1 wp-block-columns-is-layout-flex\">\n<div class=\"wp-block-column is-layout-flow wp-block-column-is-layout-flow\">\n<div class=\"wp-block-image\"><figure class=\"aligncenter size-large is-resized\"><img loading=\"lazy\" decoding=\"async\" src=\"https:\/\/eventos.ifbaiano.edu.br\/portal\/1seminario-ciencias-ambientais-serrinha\/files\/2021\/04\/marcas-grupo-unirio-ufba-e1619118875107.jpg\" alt=\"\" width=\"474\" height=\"103\" \/><\/figure><\/div>\n<\/div>\n\n\n\n<div class=\"wp-block-column is-layout-flow wp-block-column-is-layout-flow\">\n<div class=\"wp-block-image\"><figure class=\"aligncenter size-large is-resized\"><img loading=\"lazy\" decoding=\"async\" src=\"https:\/\/eventos.ifbaiano.edu.br\/portal\/1seminario-ciencias-ambientais-serrinha\/files\/2021\/03\/marcas-macambira-unev.png\" alt=\"\" class=\"wp-image-62\" width=\"319\" height=\"115\" srcset=\"https:\/\/eventos.ifbaiano.edu.br\/portal\/1seminario-ciencias-ambientais-serrinha\/files\/2021\/03\/marcas-macambira-unev.png 303w, https:\/\/eventos.ifbaiano.edu.br\/portal\/1seminario-ciencias-ambientais-serrinha\/files\/2021\/03\/marcas-macambira-unev-300x108.png 300w\" sizes=\"(max-width: 319px) 100vw, 319px\" \/><\/figure><\/div>\n<\/div>\n<\/div>\n\n\n\n<p class=\"has-text-align-center\"><img loading=\"lazy\" decoding=\"async\" width=\"250\" height=\"148\" class=\"wp-image-133\" style=\"width: 150px\" src=\"https:\/\/eventos.ifbaiano.edu.br\/portal\/1seminario-ciencias-ambientais-serrinha\/files\/2021\/04\/Univasf-reduzida-e1619118259929.jpg\" alt=\"\">                                                                            <img loading=\"lazy\" decoding=\"async\" width=\"300\" height=\"177\" class=\"wp-image-134\" style=\"width: 150px\" src=\"https:\/\/eventos.ifbaiano.edu.br\/portal\/1seminario-ciencias-ambientais-serrinha\/files\/2021\/04\/Ufba-reduzida-e1619118482619.png\" alt=\"\"><\/p>\n","protected":false},"excerpt":{"rendered":"<p>APRESENTA\u00c7\u00c3O O atual cen\u00e1rio de pandemia causado pelo novo coronav\u00edrus, provocou in\u00fameras mudan\u00e7as de h\u00e1bitos e atitudes em nosso cotidiano. O distanciamento, necess\u00e1rio, trouxe desafios inclusive no \u00e2mbito educacional exigindo de cada um de n\u00f3s habilidades para a comunica\u00e7\u00e3o com as ferramentas tecnol\u00f3gicas. Diante deste panorama, a Educa\u00e7\u00e3o se reinventou, inovou e tem oportunizado encontros&hellip;&nbsp;<a href=\"https:\/\/eventos.ifbaiano.edu.br\/portal\/1seminario-ciencias-ambientais-serrinha\/\" rel=\"bookmark\">Continue a ler &raquo;<span class=\"screen-reader-text\">P\u00e1gina inicial<\/span><\/a><\/p>\n","protected":false},"author":20,"featured_media":0,"parent":0,"menu_order":0,"comment_status":"closed","ping_status":"closed","template":"","meta":{"neve_meta_sidebar":"right","neve_meta_container":"","neve_meta_enable_content_width":"on","neve_meta_content_width":70,"neve_meta_title_alignment":"","neve_meta_author_avatar":"","neve_post_elements_order":"","neve_meta_disable_header":"","neve_meta_disable_footer":"","neve_meta_disable_title":"on","footnotes":""},"_links":{"self":[{"href":"https:\/\/eventos.ifbaiano.edu.br\/portal\/1seminario-ciencias-ambientais-serrinha\/wp-json\/wp\/v2\/pages\/5"}],"collection":[{"href":"https:\/\/eventos.ifbaiano.edu.br\/portal\/1seminario-ciencias-ambientais-serrinha\/wp-json\/wp\/v2\/pages"}],"about":[{"href":"https:\/\/eventos.ifbaiano.edu.br\/portal\/1seminario-ciencias-ambientais-serrinha\/wp-json\/wp\/v2\/types\/page"}],"author":[{"embeddable":true,"href":"https:\/\/eventos.ifbaiano.edu.br\/portal\/1seminario-ciencias-ambientais-serrinha\/wp-json\/wp\/v2\/users\/20"}],"replies":[{"embeddable":true,"href":"https:\/\/eventos.ifbaiano.edu.br\/portal\/1seminario-ciencias-ambientais-serrinha\/wp-json\/wp\/v2\/comments?post=5"}],"version-history":[{"count":23,"href":"https:\/\/eventos.ifbaiano.edu.br\/portal\/1seminario-ciencias-ambientais-serrinha\/wp-json\/wp\/v2\/pages\/5\/revisions"}],"predecessor-version":[{"id":162,"href":"https:\/\/eventos.ifbaiano.edu.br\/portal\/1seminario-ciencias-ambientais-serrinha\/wp-json\/wp\/v2\/pages\/5\/revisions\/162"}],"wp:attachment":[{"href":"https:\/\/eventos.ifbaiano.edu.br\/portal\/1seminario-ciencias-ambientais-serrinha\/wp-json\/wp\/v2\/media?parent=5"}],"curies":[{"name":"wp","href":"https:\/\/api.w.org\/{rel}","templated":true}]}}