{"id":24,"date":"2021-03-25T16:20:21","date_gmt":"2021-03-25T19:20:21","guid":{"rendered":"https:\/\/eventos.ifbaiano.edu.br\/portal\/1seminario-ciencias-ambientais-serrinha\/?page_id=24"},"modified":"2021-04-16T12:39:56","modified_gmt":"2021-04-16T15:39:56","slug":"submissao-de-trabalhos","status":"publish","type":"page","link":"https:\/\/eventos.ifbaiano.edu.br\/portal\/1seminario-ciencias-ambientais-serrinha\/submissao-de-trabalhos\/","title":{"rendered":"Submiss\u00e3o de trabalhos"},"content":{"rendered":"\n<p><strong>Aten\u00e7\u00e3o: Prorrogamos at\u00e9 19\/04\/2021 (segunda-feira) o prazo para as submiss\u00f5es dos trabalhos. Acesse as orienta\u00e7\u00f5es abaixo para mais detalhes. <\/strong>  <\/p>\n\n\n\n<p><strong>Orienta\u00e7\u00f5es<\/strong><\/p>\n\n\n\n<p><a href=\"https:\/\/eventos.ifbaiano.edu.br\/portal\/1seminario-ciencias-ambientais-serrinha\/files\/2021\/04\/Orientacao-do-seminario-de-Pos-graduacao-1.pdf\" target=\"_blank\" rel=\"noreferrer noopener\">Orienta\u00e7\u00f5es do Semin\u00e1rio<\/a><\/p>\n\n\n\n<p><a href=\"https:\/\/eventos.ifbaiano.edu.br\/portal\/1seminario-ciencias-ambientais-serrinha\/files\/2021\/04\/ORIENTACOES-DE-SUBMISSAO-DE-TRABALHOS-Seminario-de-pos-graduacao.docx.pdf\" target=\"_blank\" rel=\"noreferrer noopener\">Orienta\u00e7\u00f5es para submiss\u00e3o<\/a><\/p>\n\n\n\n<p>MODELOS<\/p>\n\n\n\n<p><em>Template<\/em> &#8211; <a rel=\"noreferrer noopener\" href=\"https:\/\/eventos.ifbaiano.edu.br\/portal\/1seminario-ciencias-ambientais-serrinha\/files\/2021\/03\/modelo_submissao-de-resumo_I-seminario-do-curso-de-pos-ciencias-ambientais_campus-serrinha.pdf\" target=\"_blank\">RESUMO<\/a><\/p>\n\n\n\n<p><em>Template<\/em> &#8211; <a href=\"https:\/\/eventos.ifbaiano.edu.br\/portal\/1seminario-ciencias-ambientais-serrinha\/files\/2021\/03\/modelo_submissao-de-resumo_I-seminario-do-curso-de-pos-ciencias-ambientais_campus-serrinha.doc.docx\" target=\"_blank\" rel=\"noreferrer noopener\">Arquivo docx<\/a> <\/p>\n\n\n\n<p><a href=\"https:\/\/eventos.ifbaiano.edu.br\/portal\/1seminario-ciencias-ambientais-serrinha\/files\/2021\/03\/Roteiro-para-video-script-seminario-de-pos-graducacao-do-IF-Baiano-versao-final.pdf\" target=\"_blank\" rel=\"noreferrer noopener\"><em>Script<\/em> V\u00eddeo <\/a><\/p>\n","protected":false},"excerpt":{"rendered":"<p>Aten\u00e7\u00e3o: Prorrogamos at\u00e9 19\/04\/2021 (segunda-feira) o prazo para as submiss\u00f5es dos trabalhos. Acesse as orienta\u00e7\u00f5es abaixo para mais detalhes. Orienta\u00e7\u00f5es Orienta\u00e7\u00f5es do Semin\u00e1rio Orienta\u00e7\u00f5es para submiss\u00e3o MODELOS Template &#8211; RESUMO Template &#8211; Arquivo docx Script V\u00eddeo<\/p>\n","protected":false},"author":20,"featured_media":0,"parent":0,"menu_order":0,"comment_status":"closed","ping_status":"closed","template":"","meta":{"neve_meta_sidebar":"full-width","neve_meta_container":"","neve_meta_enable_content_width":"on","neve_meta_content_width":100,"neve_meta_title_alignment":"","neve_meta_author_avatar":"","neve_post_elements_order":"","neve_meta_disable_header":"","neve_meta_disable_footer":"","neve_meta_disable_title":"","footnotes":""},"_links":{"self":[{"href":"https:\/\/eventos.ifbaiano.edu.br\/portal\/1seminario-ciencias-ambientais-serrinha\/wp-json\/wp\/v2\/pages\/24"}],"collection":[{"href":"https:\/\/eventos.ifbaiano.edu.br\/portal\/1seminario-ciencias-ambientais-serrinha\/wp-json\/wp\/v2\/pages"}],"about":[{"href":"https:\/\/eventos.ifbaiano.edu.br\/portal\/1seminario-ciencias-ambientais-serrinha\/wp-json\/wp\/v2\/types\/page"}],"author":[{"embeddable":true,"href":"https:\/\/eventos.ifbaiano.edu.br\/portal\/1seminario-ciencias-ambientais-serrinha\/wp-json\/wp\/v2\/users\/20"}],"replies":[{"embeddable":true,"href":"https:\/\/eventos.ifbaiano.edu.br\/portal\/1seminario-ciencias-ambientais-serrinha\/wp-json\/wp\/v2\/comments?post=24"}],"version-history":[{"count":17,"href":"https:\/\/eventos.ifbaiano.edu.br\/portal\/1seminario-ciencias-ambientais-serrinha\/wp-json\/wp\/v2\/pages\/24\/revisions"}],"predecessor-version":[{"id":118,"href":"https:\/\/eventos.ifbaiano.edu.br\/portal\/1seminario-ciencias-ambientais-serrinha\/wp-json\/wp\/v2\/pages\/24\/revisions\/118"}],"wp:attachment":[{"href":"https:\/\/eventos.ifbaiano.edu.br\/portal\/1seminario-ciencias-ambientais-serrinha\/wp-json\/wp\/v2\/media?parent=24"}],"curies":[{"name":"wp","href":"https:\/\/api.w.org\/{rel}","templated":true}]}}