{"id":22,"date":"2021-03-25T16:20:04","date_gmt":"2021-03-25T19:20:04","guid":{"rendered":"https:\/\/eventos.ifbaiano.edu.br\/portal\/1seminario-ciencias-ambientais-serrinha\/?page_id=22"},"modified":"2021-04-26T14:54:05","modified_gmt":"2021-04-26T17:54:05","slug":"programacao","status":"publish","type":"page","link":"https:\/\/eventos.ifbaiano.edu.br\/portal\/1seminario-ciencias-ambientais-serrinha\/programacao\/","title":{"rendered":"Programa\u00e7\u00e3o"},"content":{"rendered":"\n<p><img loading=\"lazy\" decoding=\"async\" width=\"1755\" height=\"1241\" class=\"wp-image-139\" style=\"width: 10000px\" src=\"https:\/\/eventos.ifbaiano.edu.br\/portal\/1seminario-ciencias-ambientais-serrinha\/files\/2021\/04\/Programacao-do-evento-alteracao_page-0001.jpg\" alt=\"\" srcset=\"https:\/\/eventos.ifbaiano.edu.br\/portal\/1seminario-ciencias-ambientais-serrinha\/files\/2021\/04\/Programacao-do-evento-alteracao_page-0001.jpg 1755w, https:\/\/eventos.ifbaiano.edu.br\/portal\/1seminario-ciencias-ambientais-serrinha\/files\/2021\/04\/Programacao-do-evento-alteracao_page-0001-300x212.jpg 300w, https:\/\/eventos.ifbaiano.edu.br\/portal\/1seminario-ciencias-ambientais-serrinha\/files\/2021\/04\/Programacao-do-evento-alteracao_page-0001-1024x724.jpg 1024w, https:\/\/eventos.ifbaiano.edu.br\/portal\/1seminario-ciencias-ambientais-serrinha\/files\/2021\/04\/Programacao-do-evento-alteracao_page-0001-768x543.jpg 768w, https:\/\/eventos.ifbaiano.edu.br\/portal\/1seminario-ciencias-ambientais-serrinha\/files\/2021\/04\/Programacao-do-evento-alteracao_page-0001-1536x1086.jpg 1536w\" sizes=\"(max-width: 1755px) 100vw, 1755px\" \/><\/p>\n\n\n\n<p class=\"has-text-align-center\"><strong>DIA 26 DE ABRIL DE 2021<\/strong><\/p>\n\n\n\n<p class=\"has-text-align-left\"><strong>1) ABERTURA OFICIAL: <\/strong><\/p>\n\n\n\n<ul><li>Erinaldo Suzart Ferreira &#8211; Professor de M\u00fasica da rede Municipal de Concei\u00e7\u00e3o do Jacu\u00edpe (Apresenta\u00e7\u00e3o Cultural)<\/li><li>Coordenador do MPCA: Delfran Batista dos Santos<\/li><li>Diretora Acad\u00eamica do IF Baiano <em>Campus<\/em> Serrinha: Cassiana Mendes dos Santos Almeida<\/li><li>Diretor- Geral do IF Baiano <em>Campus<\/em> Serrinha: Leandro dos Santos Damasceno<\/li><li>Pr\u00f3-Reitora de Pesquisa e Inova\u00e7\u00e3o do IF Baiano: Luciana Helena Cajas Mazzutti<\/li><li>Reitor do IF Baiano: A\u00e9cio Jos\u00e9 Ara\u00fajo Passos Duarte<\/li><li>Dr. Jo\u00e3o Carlos Oliveira: Secret\u00e1rio de Meio Ambiente da Bahia<\/li><li>Karen Daniela Melo Miranda: Diretora Regional da Bahia MUTUA (Caixa de Assist\u00eancia dos Profissionais do CREA)<\/li><li>Joseval Carqueija: Presidente do CREA Bahia<\/li><li>Alberto Duarte Vilarinhos: Chefe-Geral Embrapa BA <\/li><li>Mediadora e L\u00edder da turma: Maria Cec\u00edlia<\/li><\/ul>\n\n\n\n<p><strong>2) PALESTRA I: AULA INAUGURAL DA TURMA DE 2021 _ Atua\u00e7\u00e3o do Profissional em Ci\u00eancia Ambientais<\/strong><\/p>\n\n\n\n<ul><li>Palestrantes: Prof\u00b0 Dr\u00ba Delfran Batista dos Santos e Prof\u00b0 Dr\u00ba Alisson Jadavi Pereira da Silva<\/li><li>Mediador: Discente do mestrado<\/li><\/ul>\n\n\n\n<p><strong>3) EXPECTATIVAS DOS MESTRANDOS EM CI\u00caNCIAS AMBIENTAIS DO IF BAIANO:<\/strong><\/p>\n\n\n\n<ul><li>Participa\u00e7\u00e3o: Discentes do mestrado.<\/li><\/ul>\n\n\n\n<p><strong>LINK PARA ACESSO<\/strong>: <a href=\"https:\/\/www.youtube.com\/watch?v=zPms8molc5g\" target=\"_blank\" rel=\"noreferrer noopener\">https:\/\/www.youtube.com\/watch?v=zPms8molc5g<\/a><\/p>\n\n\n\n<p class=\"has-text-align-center\"><strong>DIA 27 DE ABRIL DE 2021<\/strong><\/p>\n\n\n\n<p><strong>4) PALESTRA II: Conserva\u00e7\u00e3o dos recursos naturais e os desafios num cen\u00e1rio de Pandemia &#8211; (UNIVASF)<\/strong><\/p>\n\n\n\n<ul><li>Palestrante: Prof\u00b0 Dr\u00ba Gustavo Negreiro<\/li><li>Mediador: Discente do mestrado<\/li><\/ul>\n\n\n\n<p><strong>5) APRESENTA\u00c7\u00c3O DOS TRABALHOS SELECIONADOS<\/strong><\/p>\n\n\n\n<ul><li>Respons\u00e1veis pela media\u00e7\u00e3o: Discentes do mestrado<\/li><\/ul>\n\n\n\n<p><strong>6) PALESTRA III: Tecnologias Socioambientais em Tempos de Pandemia<\/strong><\/p>\n\n\n\n<ul><li>Palestrante: Prof\u00b0 Dr\u00ba Emerson Andrade Sales (UFBA)<\/li><li>Mediador: Discente do mestrado<\/li><\/ul>\n\n\n\n<p><strong>LINK PARA ACESSO: <\/strong><a href=\"https:\/\/www.youtube.com\/watch?v=0IT5q9WbIW8\" target=\"_blank\" rel=\"noreferrer noopener\">https:\/\/www.youtube.com\/watch?v=0IT5q9WbIW8<\/a><\/p>\n\n\n\n<p class=\"has-text-align-center\"><strong>DIA 28 DE ABRIL DE 2021<\/strong><\/p>\n\n\n\n<p><strong>7) PALESTRA IV: Produ\u00e7\u00e3o alimentar em contexto de Pandemia<\/strong><\/p>\n\n\n\n<ul><li>Palestrante: Profa. Dra. Helo\u00edsa Martins (IFBaiano)<\/li><li>Mediador: Discente do mestrado<\/li><\/ul>\n\n\n\n<p><strong>8) APRESENTA\u00c7\u00c3O DOS TRABALHOS SELECIONADOS<\/strong><\/p>\n\n\n\n<p>Respons\u00e1veis pela media\u00e7\u00e3o: Discentes do mestrado<\/p>\n\n\n\n<p><strong>9) PALESTRA V: Educa\u00e7\u00e3o Ambiental em tempos de pandemia<\/strong><\/p>\n\n\n\n<ul><li>Palestrante: Prof\u00b0 Dr\u00ba Celso S\u00e1nchez Pereira (UNIRIO\/GEASur)<\/li><li>Mediador: Discente do mestrado<\/li><\/ul>\n\n\n\n<p><strong>10) ENCERRAMENTO E DIVULGA\u00c7\u00c3O DOS TRABALHOS PREMIADOS<\/strong><\/p>\n\n\n\n<p>\u00a0\u00a0\u00a0\u00a0Mediador: Discente do mestrado<\/p>\n\n\n\n<p><strong>LINK PARA ACESSO:<\/strong> <a href=\"https:\/\/www.youtube.com\/watch?v=bStVJkSazrY\" target=\"_blank\" rel=\"noreferrer noopener\">https:\/\/www.youtube.com\/watch?v=bStVJkSazrY<\/a><\/p>\n","protected":false},"excerpt":{"rendered":"<p>DIA 26 DE ABRIL DE 2021 1) ABERTURA OFICIAL: Erinaldo Suzart Ferreira &#8211; Professor de M\u00fasica da rede Municipal de Concei\u00e7\u00e3o do Jacu\u00edpe (Apresenta\u00e7\u00e3o Cultural) Coordenador do MPCA: Delfran Batista dos Santos Diretora Acad\u00eamica do IF Baiano Campus Serrinha: Cassiana Mendes dos Santos Almeida Diretor- Geral do IF Baiano Campus Serrinha: Leandro dos Santos Damasceno&hellip;&nbsp;<a href=\"https:\/\/eventos.ifbaiano.edu.br\/portal\/1seminario-ciencias-ambientais-serrinha\/programacao\/\" rel=\"bookmark\">Continue a ler &raquo;<span class=\"screen-reader-text\">Programa\u00e7\u00e3o<\/span><\/a><\/p>\n","protected":false},"author":20,"featured_media":0,"parent":0,"menu_order":0,"comment_status":"closed","ping_status":"closed","template":"","meta":{"neve_meta_sidebar":"full-width","neve_meta_container":"","neve_meta_enable_content_width":"on","neve_meta_content_width":100,"neve_meta_title_alignment":"","neve_meta_author_avatar":"","neve_post_elements_order":"","neve_meta_disable_header":"","neve_meta_disable_footer":"","neve_meta_disable_title":"","footnotes":""},"_links":{"self":[{"href":"https:\/\/eventos.ifbaiano.edu.br\/portal\/1seminario-ciencias-ambientais-serrinha\/wp-json\/wp\/v2\/pages\/22"}],"collection":[{"href":"https:\/\/eventos.ifbaiano.edu.br\/portal\/1seminario-ciencias-ambientais-serrinha\/wp-json\/wp\/v2\/pages"}],"about":[{"href":"https:\/\/eventos.ifbaiano.edu.br\/portal\/1seminario-ciencias-ambientais-serrinha\/wp-json\/wp\/v2\/types\/page"}],"author":[{"embeddable":true,"href":"https:\/\/eventos.ifbaiano.edu.br\/portal\/1seminario-ciencias-ambientais-serrinha\/wp-json\/wp\/v2\/users\/20"}],"replies":[{"embeddable":true,"href":"https:\/\/eventos.ifbaiano.edu.br\/portal\/1seminario-ciencias-ambientais-serrinha\/wp-json\/wp\/v2\/comments?post=22"}],"version-history":[{"count":20,"href":"https:\/\/eventos.ifbaiano.edu.br\/portal\/1seminario-ciencias-ambientais-serrinha\/wp-json\/wp\/v2\/pages\/22\/revisions"}],"predecessor-version":[{"id":155,"href":"https:\/\/eventos.ifbaiano.edu.br\/portal\/1seminario-ciencias-ambientais-serrinha\/wp-json\/wp\/v2\/pages\/22\/revisions\/155"}],"wp:attachment":[{"href":"https:\/\/eventos.ifbaiano.edu.br\/portal\/1seminario-ciencias-ambientais-serrinha\/wp-json\/wp\/v2\/media?parent=22"}],"curies":[{"name":"wp","href":"https:\/\/api.w.org\/{rel}","templated":true}]}}