{"id":110,"date":"2021-04-16T11:40:55","date_gmt":"2021-04-16T14:40:55","guid":{"rendered":"https:\/\/eventos.ifbaiano.edu.br\/portal\/1seminario-ciencias-ambientais-serrinha\/?page_id=110"},"modified":"2021-04-16T11:40:55","modified_gmt":"2021-04-16T14:40:55","slug":"duvidas-frequentes","status":"publish","type":"page","link":"https:\/\/eventos.ifbaiano.edu.br\/portal\/1seminario-ciencias-ambientais-serrinha\/duvidas-frequentes\/","title":{"rendered":"D\u00favidas Frequentes"},"content":{"rendered":"\n<ol type=\"1\"><li>Qual o p\u00fablico alvo?<\/li><\/ol>\n\n\n\n<p>Estudantes de n\u00edvel m\u00e9dio, t\u00e9cnico, gradua\u00e7\u00e3o e p\u00f3s-gradua\u00e7\u00e3o do IF Baiano e demais institui\u00e7\u00f5es.<\/p>\n\n\n\n<p>2. Qual a data limite de submiss\u00e3o?<\/p>\n\n\n\n<p>At\u00e9 as 23:59 do dia 19\/04.<\/p>\n\n\n\n<p>3. Na submiss\u00e3o j\u00e1 tenho que enviar o resumo e o v\u00eddeo?<\/p>\n\n\n\n<p>Primeiro, envia o resumo at\u00e9 a data de submiss\u00e3o. Depois, caso for aprovado, o v\u00eddeo deve ser enviado pelo email: <a href=\"mailto:evento.mpca.ifbaiano@gmail.com\">evento.mpca.ifbaiano@gmail.com<\/a> nos dias 22\/04 a 24\/04.<\/p>\n\n\n\n<p>4. Qual o prazo final para envio do v\u00eddeo?<\/p>\n\n\n\n<p>Caso o resumo seja aprovado para a apresenta\u00e7\u00e3o, o prazo para envio dos v\u00eddeos \u00e9 de 22\/04 a 24\/04.<\/p>\n\n\n\n<p>5. Qual o tempo limite do v\u00eddeo e o formato?<\/p>\n\n\n\n<p>O v\u00eddeo deve ser preferencialmente, em formato mp4, com dura\u00e7\u00e3o: entre 3 e 5 minutos.<\/p>\n\n\n\n<p>6. Existe limite de autores para cada resumo?<\/p>\n\n\n\n<p>O limite \u00e9 de at\u00e9 5 autores. Por\u00e9m, n\u00e3o h\u00e1 limites de resumos para cada autor.<\/p>\n","protected":false},"excerpt":{"rendered":"<p>Qual o p\u00fablico alvo? Estudantes de n\u00edvel m\u00e9dio, t\u00e9cnico, gradua\u00e7\u00e3o e p\u00f3s-gradua\u00e7\u00e3o do IF Baiano e demais institui\u00e7\u00f5es. 2. Qual a data limite de submiss\u00e3o? At\u00e9 as 23:59 do dia 19\/04. 3. Na submiss\u00e3o j\u00e1 tenho que enviar o resumo e o v\u00eddeo? Primeiro, envia o resumo at\u00e9 a data de submiss\u00e3o. Depois, caso for&hellip;&nbsp;<a href=\"https:\/\/eventos.ifbaiano.edu.br\/portal\/1seminario-ciencias-ambientais-serrinha\/duvidas-frequentes\/\" rel=\"bookmark\">Continue a ler &raquo;<span class=\"screen-reader-text\">D\u00favidas Frequentes<\/span><\/a><\/p>\n","protected":false},"author":70,"featured_media":0,"parent":0,"menu_order":0,"comment_status":"closed","ping_status":"closed","template":"","meta":{"neve_meta_sidebar":"full-width","neve_meta_container":"","neve_meta_enable_content_width":"on","neve_meta_content_width":100,"neve_meta_title_alignment":"","neve_meta_author_avatar":"","neve_post_elements_order":"","neve_meta_disable_header":"","neve_meta_disable_footer":"","neve_meta_disable_title":"","footnotes":""},"_links":{"self":[{"href":"https:\/\/eventos.ifbaiano.edu.br\/portal\/1seminario-ciencias-ambientais-serrinha\/wp-json\/wp\/v2\/pages\/110"}],"collection":[{"href":"https:\/\/eventos.ifbaiano.edu.br\/portal\/1seminario-ciencias-ambientais-serrinha\/wp-json\/wp\/v2\/pages"}],"about":[{"href":"https:\/\/eventos.ifbaiano.edu.br\/portal\/1seminario-ciencias-ambientais-serrinha\/wp-json\/wp\/v2\/types\/page"}],"author":[{"embeddable":true,"href":"https:\/\/eventos.ifbaiano.edu.br\/portal\/1seminario-ciencias-ambientais-serrinha\/wp-json\/wp\/v2\/users\/70"}],"replies":[{"embeddable":true,"href":"https:\/\/eventos.ifbaiano.edu.br\/portal\/1seminario-ciencias-ambientais-serrinha\/wp-json\/wp\/v2\/comments?post=110"}],"version-history":[{"count":1,"href":"https:\/\/eventos.ifbaiano.edu.br\/portal\/1seminario-ciencias-ambientais-serrinha\/wp-json\/wp\/v2\/pages\/110\/revisions"}],"predecessor-version":[{"id":111,"href":"https:\/\/eventos.ifbaiano.edu.br\/portal\/1seminario-ciencias-ambientais-serrinha\/wp-json\/wp\/v2\/pages\/110\/revisions\/111"}],"wp:attachment":[{"href":"https:\/\/eventos.ifbaiano.edu.br\/portal\/1seminario-ciencias-ambientais-serrinha\/wp-json\/wp\/v2\/media?parent=110"}],"curies":[{"name":"wp","href":"https:\/\/api.w.org\/{rel}","templated":true}]}}